{"id":15880,"date":"2015-09-07T12:26:40","date_gmt":"2015-09-07T09:26:40","guid":{"rendered":"http:\/\/ft.webaula.fi\/?page_id=15880"},"modified":"2016-07-15T10:05:01","modified_gmt":"2016-07-15T07:05:01","slug":"palvelut","status":"publish","type":"page","link":"https:\/\/finnishtranslations.com\/fi\/palvelut\/","title":{"rendered":"Palvelut"},"content":{"rendered":"<div class=\"wpb-content-wrapper\"><p>[vc_row row_type=&#8221;row&#8221; use_row_as_full_screen_section=&#8221;no&#8221; type=&#8221;full_width&#8221; anchor=&#8221;down&#8221; angled_section=&#8221;no&#8221; text_align=&#8221;left&#8221; background_image_as_pattern=&#8221;without_pattern&#8221; padding_bottom=&#8221;70&#8243; css_animation=&#8221;&#8221; css=&#8221;.vc_custom_1441189991501{padding-right: 10% !important;padding-left: 10% !important;}&#8221;][vc_column][vc_separator type=&#8221;transparent&#8221; up=&#8221;25&#8243;][vc_accordion style=&#8221;accordion&#8221;][vc_accordion_tab title=&#8221;K\u00e4\u00e4nt\u00e4minen&#8221; background_color=&#8221;#c9e4e8&#8243;][vc_row_inner row_type=&#8221;row&#8221; type=&#8221;grid&#8221; text_align=&#8221;left&#8221; css_animation=&#8221;&#8221; css=&#8221;.vc_custom_1439895695877{padding-top: 60px !important;padding-bottom: 60px !important;}&#8221;][vc_column_inner width=&#8221;1\/4&#8243;]<span data-type=\"normal\"  class=\"qode_icon_shortcode  q_font_awsome_icon fa-5x pull-center \" style=\" \"><i class=\"qode_icon_font_awesome fa fa-globe qode_icon_element\" style=\"\" ><\/i><\/span>[\/vc_column_inner][vc_column_inner width=&#8221;3\/4&#8243;][vc_column_text]<\/p>\n<h1>K\u00e4\u00e4nt\u00e4minen<\/h1>\n<p>[\/vc_column_text][vc_separator type=&#8221;small&#8221; position=&#8221;left&#8221; color=&#8221;#383838&#8243; thickness=&#8221;5&#8243; width=&#8221;120&#8243; up=&#8221;15&#8243; down=&#8221;30&#8243;][vc_column_text]K\u00e4\u00e4nt\u00e4misess\u00e4 keskeist\u00e4 on viestin v\u00e4litt\u00e4minen yli kieli- ja kulttuurirajojen siten, ett\u00e4 tarjottu palvelu tai tuote toimii toivotulla tavalla kohdeyleis\u00f6n n\u00e4k\u00f6kulmasta tarkasteltuna. K\u00e4yt\u00e4nn\u00f6ss\u00e4 k\u00e4\u00e4nt\u00e4miseen liittyy aina jonkinasteinen tarve lokalisoida tai mukauttaa k\u00e4\u00e4nnett\u00e4v\u00e4\u00e4 sis\u00e4lt\u00f6\u00e4, jotta voidaan varmistaa viestin mielekkyys ja tarkoituksenmukaisuus kohdekulttuurissa sek\u00e4 kohdentaa k\u00e4\u00e4nn\u00f6s juuri oikealle yleis\u00f6lle.<\/p>\n<p>&nbsp;<\/p>\n<p>Voidakseen tuottaa k\u00e4\u00e4nn\u00f6ksen, joka parhaalla mahdollisella tavalla edustaa yrityst\u00e4, tukee sen tuotteita ja palveluita sek\u00e4 puhuttelee kohdeyleis\u00f6\u00e4 mahdollisimman tehokkaasti, k\u00e4\u00e4nt\u00e4j\u00e4 tarvitsee tietoa siit\u00e4, miss\u00e4 yhteydess\u00e4 teksti\u00e4 k\u00e4ytet\u00e4\u00e4n ja mit\u00e4 sill\u00e4 halutaan saada aikaan. Tarjoamaani k\u00e4\u00e4nn\u00f6spalveluun sis\u00e4ltyy maksuton alkukeskustelu, jossa kartoitetaan k\u00e4\u00e4nn\u00f6sprojektin tavoitteita. Keskustelu ei sido sinua viel\u00e4 mihink\u00e4\u00e4n.<\/p>\n<p>&nbsp;<\/p>\n<p>L\u00e4het\u00e4 minulle <a href=\"\/fi\/contact\/\">s\u00e4hk\u00f6postia<\/a> tai t\u00e4yt\u00e4 <a href=\"\/fi\/free-quote\/\">tarjouspyynt\u00f6lomake<\/a>, niin otan sinuun yhteytt\u00e4 mahdollisimman pian.[\/vc_column_text][\/vc_column_inner][\/vc_row_inner][\/vc_accordion_tab][vc_accordion_tab title=&#8221;Editointi&#8221;][vc_row_inner row_type=&#8221;row&#8221; type=&#8221;grid&#8221; text_align=&#8221;left&#8221; css_animation=&#8221;&#8221;][vc_column_inner width=&#8221;1\/4&#8243;]<span data-type=\"normal\"  class=\"qode_icon_shortcode  q_font_awsome_icon fa-5x pull-center \" style=\" \"><i class=\"qode_icon_font_awesome fa fa-pencil-square-o qode_icon_element\" style=\"\" ><\/i><\/span>[\/vc_column_inner][vc_column_inner width=&#8221;3\/4&#8243;][vc_column_text]<\/p>\n<h1>Editointi<\/h1>\n<p>[\/vc_column_text][vc_separator type=&#8221;small&#8221; position=&#8221;left&#8221; color=&#8221;#383838&#8243; thickness=&#8221;5&#8243; width=&#8221;120&#8243; up=&#8221;15&#8243; down=&#8221;30&#8243;][vc_column_text]Editoinnin tarkoitus on hioa tekstin sujuvuutta, parantaa entisest\u00e4\u00e4n sen luettavuutta ja ymm\u00e4rrett\u00e4vyytt\u00e4, ter\u00e4v\u00f6itt\u00e4\u00e4 ydinviesti\u00e4, selkeytt\u00e4\u00e4 rakennetta sek\u00e4 varmistaa, ett\u00e4 tekstin tyyli ja s\u00e4vy puhuttelevat lukijaa halutulla tavalla. Editointiin saattaa sis\u00e4lty\u00e4 lis\u00e4yksi\u00e4 tai poistoja, tekstin osien uudelleenkirjoittamista, uudelleenj\u00e4rjestely\u00e4 tai selkeytt\u00e4mist\u00e4.<\/p>\n<p>&nbsp;<\/p>\n<p>Ota minuun yhteytt\u00e4 <a href=\"\/fi\/contact\/\">s\u00e4hk\u00f6postitse<\/a>, niin keskustellaan editointitarpeistasi. Jos haluat ensin varmistaa, tarvitsetko editointi- vai kielentarkistuspalveluja, voit l\u00e4hett\u00e4\u00e4 tekstisi minulle <a href=\"\/fi\/contact\/\">s\u00e4hk\u00f6postitse<\/a> maksutonta arviota varten.[\/vc_column_text][\/vc_column_inner][\/vc_row_inner][\/vc_accordion_tab][vc_accordion_tab title=&#8221;Kielentarkistus&#8221; background_color=&#8221;#c9e4e8&#8243;][vc_row_inner row_type=&#8221;row&#8221; type=&#8221;grid&#8221; text_align=&#8221;left&#8221; css_animation=&#8221;&#8221; css=&#8221;.vc_custom_1439895718792{padding-top: 60px !important;padding-bottom: 60px !important;}&#8221;][vc_column_inner width=&#8221;1\/4&#8243;]<span data-type=\"normal\"  class=\"qode_icon_shortcode  q_font_awsome_icon fa-5x pull-center \" style=\" \"><i class=\"qode_icon_font_awesome fa fa-eye qode_icon_element\" style=\"\" ><\/i><\/span>[\/vc_column_inner][vc_column_inner width=&#8221;3\/4&#8243;][vc_column_text]<\/p>\n<h1>Kielentarkistus<\/h1>\n<p>[\/vc_column_text][vc_separator type=&#8221;small&#8221; position=&#8221;left&#8221; color=&#8221;#383838&#8243; thickness=&#8221;5&#8243; width=&#8221;120&#8243; up=&#8221;15&#8243; down=&#8221;30&#8243;][vc_column_text]Kielentarkistus on editoinnin viimeinen vaihe, jossa keskityt\u00e4\u00e4n tekstin pintatason tarkistamiseen ja hiomiseen: kielioppi, v\u00e4limerkit sek\u00e4 muut tekstin muotoon liittyv\u00e4t piirteet, kuten viittaustekniikka. Kielentarkistusvaiheessa ei en\u00e4\u00e4 tehd\u00e4 tekstin sis\u00e4lt\u00f6\u00f6n tai muotoon suuria muutoksia. Sen p\u00e4\u00e4asiallinen tarkoitus on varmistaa, ett\u00e4 teksti on viimeistelty ja julkaisuvalmis.<\/p>\n<p>&nbsp;<\/p>\n<p>Ota minuun yhteytt\u00e4 <a href=\"\/fi\/contact\/\">s\u00e4hk\u00f6postitse<\/a>, niin keskustellaan kielentarkistustarpeistasi. Jos haluat ensin varmistaa, tarvitsetko kielentarkistus- vai laajempia editointipalveluja, voit l\u00e4hett\u00e4\u00e4 tekstisi minulle <a href=\"\/fi\/contact\/\">s\u00e4hk\u00f6postitse<\/a> maksutonta arviota varten.[\/vc_column_text][\/vc_column_inner][\/vc_row_inner][\/vc_accordion_tab][vc_accordion_tab title=&#8221;Tekstin tiivist\u00e4minen&#8221;][vc_row_inner row_type=&#8221;row&#8221; type=&#8221;grid&#8221; text_align=&#8221;left&#8221; css_animation=&#8221;&#8221; css=&#8221;.vc_custom_1439896064350{padding-top: 60px !important;padding-bottom: 60px !important;}&#8221;][vc_column_inner width=&#8221;1\/4&#8243;]<span data-type=\"normal\"  class=\"qode_icon_shortcode  q_font_awsome_icon fa-5x pull-center \" style=\" \"><i class=\"qode_icon_font_awesome fa fa-recycle qode_icon_element\" style=\"\" ><\/i><\/span>[\/vc_column_inner][vc_column_inner width=&#8221;3\/4&#8243;][vc_column_text]<\/p>\n<h1>Tekstin tiivist\u00e4minen<\/h1>\n<p>[\/vc_column_text][vc_separator type=&#8221;small&#8221; position=&#8221;left&#8221; color=&#8221;#383838&#8243; thickness=&#8221;5&#8243; width=&#8221;120&#8243; up=&#8221;15&#8243; down=&#8221;30&#8243;][vc_column_text]Ennen tekstin k\u00e4\u00e4nn\u00e4tt\u00e4mist\u00e4 kokonaisuudessaan saattaa olla tarpeen pohtia, ovatko tekstin kaikki osat\u2014esimerkiksi laajan ohjekirjan tai verkkosivuston koko sis\u00e4lt\u00f6\u2014tarkoituksenmukaisia kansainv\u00e4lisen kohdeyleis\u00f6n n\u00e4k\u00f6kulmasta tarkasteltuna. Joissakin tapauksissa tiivistelm\u00e4, josta k\u00e4y ilmi viestin keskeisin sis\u00e4lt\u00f6, saattaa olla tehokkain tapa tavoittaa haluttu kohdeyleis\u00f6. Tekstin laajuudesta ja yksityiskohtaisuudesta sek\u00e4 tiivistelm\u00e4n k\u00e4ytt\u00f6tarkoituksesta riippuen tiivistelm\u00e4 voi olla lyhyt ja ytimek\u00e4s tai laajakin.<\/p>\n<p>&nbsp;<\/p>\n<p>Ota minuun yhteytt\u00e4 <a href=\"\/fi\/contact\/\">s\u00e4hk\u00f6postitse<\/a>, niin keskustellaan projektistasi.[\/vc_column_text][\/vc_column_inner][\/vc_row_inner][\/vc_accordion_tab][vc_accordion_tab title=&#8221;Tekstintuotto ja uudelleenkirjoittaminen&#8221; background_color=&#8221;#c9e4e8&#8243;][vc_row_inner row_type=&#8221;row&#8221; type=&#8221;grid&#8221; text_align=&#8221;left&#8221; css_animation=&#8221;&#8221; css=&#8221;.vc_custom_1439896074282{padding-top: 60px !important;padding-bottom: 60px !important;}&#8221;][vc_column_inner width=&#8221;1\/4&#8243;]<span data-type=\"normal\"  class=\"qode_icon_shortcode  q_font_awsome_icon fa-5x pull-center \" style=\" \"><i class=\"qode_icon_font_awesome fa fa-pencil-square-o qode_icon_element\" style=\"\" ><\/i><\/span>[\/vc_column_inner][vc_column_inner width=&#8221;3\/4&#8243;][vc_column_text]<\/p>\n<h1>Tekstintuotto ja uudelleenkirjoittaminen<\/h1>\n<p>[\/vc_column_text][vc_separator type=&#8221;small&#8221; position=&#8221;left&#8221; color=&#8221;#383838&#8243; thickness=&#8221;5&#8243; width=&#8221;120&#8243; up=&#8221;15&#8243; down=&#8221;30&#8243;][vc_column_text]Joihinkin tekstityyppeihin, kuten markkinointimateriaaliin, on k\u00e4\u00e4nnett\u00e4ess\u00e4 usein teht\u00e4v\u00e4 suuriakin muutoksia, jotta teksti toimii osana kohdekulttuuria ja -markkinaa. T\u00e4llaisissa tapauksissa teksti saattaa olla tehokkaampi, jos se k\u00e4\u00e4nt\u00e4misen sijaan kirjoitetaan alusta asti kohdekielell\u00e4. Siksi palveluvalikoimaani kuuluvat my\u00f6s tekstintuotto ja uudelleenkirjoittaminen vaihtoehtoina k\u00e4\u00e4nt\u00e4miselle.<\/p>\n<p>&nbsp;<\/p>\n<p>Tekstintuoton tarkoitus on kirjoittaa t\u00e4ysin uutta sis\u00e4lt\u00f6\u00e4 asiakkaan ideoiden ja tavoitteiden mukaisesti. Uudelleenkirjoittaminen puolestaan mahdollistaa olemassa olevien tekstien el\u00e4v\u00f6itt\u00e4misen esimerkiksi n\u00e4k\u00f6kulmaa muuttamalla, mik\u00e4 vaatii laajojen muutosten tekemist\u00e4 alkuper\u00e4iseen tekstiin.<\/p>\n<p>&nbsp;<\/p>\n<p>Valitse tekstintuotto tai uudelleenkirjoittaminen, jos sinulla on kirjoitusideoita, l\u00e4hdemateriaalia tai vaikkapa tekstiluonnos, mutta ei aikaa tuottaa varsinaista teksti\u00e4 itse. Ehk\u00e4 sinulla on vahva viesti, ja etsit tehokkainta mahdollista tapaa v\u00e4litt\u00e4\u00e4 se kohdeyleis\u00f6lle. Tai ehk\u00e4 haluat saada uutta, raikasta n\u00e4k\u00f6kulmaa olemassa oleviin teksteihin esitt\u00e4m\u00e4ll\u00e4 asiat uudella tavalla.<\/p>\n<p>&nbsp;<\/p>\n<p>Saadaksesi juuri sinun tarpeitasi vastaavan tekstin, ota minuun yhteytt\u00e4 <a href=\"\/fi\/contact\/\">s\u00e4hk\u00f6postitse<\/a>, niin keskustellaan projektistasi. Projektin alkukeskustelu on maksuton eik\u00e4 sido sinua viel\u00e4 mihink\u00e4\u00e4n.[\/vc_column_text][\/vc_column_inner][\/vc_row_inner][\/vc_accordion_tab][vc_accordion_tab title=&#8221;Tekstitt\u00e4minen&#8221;][vc_row_inner row_type=&#8221;row&#8221; type=&#8221;grid&#8221; text_align=&#8221;left&#8221; css_animation=&#8221;&#8221; css=&#8221;.vc_custom_1444722684206{padding-top: 60px !important;padding-bottom: 60px !important;}&#8221;][vc_column_inner width=&#8221;1\/4&#8243;]<span data-type=\"normal\"  class=\"qode_icon_shortcode  q_font_awsome_icon fa-5x pull-center \" style=\" \"><i class=\"qode_icon_font_awesome fa fa-pencil-square-o qode_icon_element\" style=\"\" ><\/i><\/span>[\/vc_column_inner][vc_column_inner width=&#8221;3\/4&#8243;][vc_column_text]<\/p>\n<h1>Tekstitt\u00e4minen<\/h1>\n<p>[\/vc_column_text][vc_separator type=&#8221;small&#8221; position=&#8221;left&#8221; color=&#8221;#383838&#8243; thickness=&#8221;5&#8243; width=&#8221;120&#8243; up=&#8221;15&#8243; down=&#8221;30&#8243;][vc_column_text]Tekstitt\u00e4minen on k\u00e4\u00e4nt\u00e4misen muoto, johon sis\u00e4ltyy sanojen lis\u00e4ksi my\u00f6s kuva- ja \u00e4\u00e4nimateriaalia. Monen viestint\u00e4kanavan yht\u00e4aikainen l\u00e4sn\u00e4olo edellytt\u00e4\u00e4 k\u00e4\u00e4nt\u00e4j\u00e4lt\u00e4 erityistaitoja. Tekstitt\u00e4j\u00e4 tarvitsee ty\u00f6ss\u00e4\u00e4n jatkuvasti taitoa tiivist\u00e4\u00e4 teksti\u00e4, sill\u00e4 useimmiten k\u00e4\u00e4nnett\u00e4v\u00e4n puheen m\u00e4\u00e4r\u00e4 on suurempi kuin mit\u00e4 tekstitt\u00e4misen tila- ja aikarajoitteet sallivat. Tekstitt\u00e4ess\u00e4\u00e4n k\u00e4\u00e4nt\u00e4j\u00e4n tulee varmistaa, ett\u00e4 tekstitys on yleis\u00f6lle ymm\u00e4rrett\u00e4v\u00e4 ja toimii osana audiovisuaalista viestikokonaisuutta siten, ett\u00e4 my\u00f6s kuvallisesti ja \u00e4\u00e4nellisesti v\u00e4littyv\u00e4 tunnelma s\u00e4ilyy.<\/p>\n<p>&nbsp;<\/p>\n<p>Tekstit\u00e4n ja k\u00e4\u00e4nn\u00e4n elokuvat, pelit, tv-ohjelmat, yritysvideot sek\u00e4 verkkon\u00e4kyvyyteen liittyv\u00e4t audiovisuaaliset materiaalit.[\/vc_column_text][\/vc_column_inner][\/vc_row_inner][\/vc_accordion_tab][\/vc_accordion][\/vc_column][\/vc_row]<\/p>\n<\/div>","protected":false},"excerpt":{"rendered":"<p>[vc_row row_type=&#8221;row&#8221; use_row_as_full_screen_section=&#8221;no&#8221; type=&#8221;full_width&#8221; anchor=&#8221;down&#8221; angled_section=&#8221;no&#8221; text_align=&#8221;left&#8221; background_image_as_pattern=&#8221;without_pattern&#8221; padding_bottom=&#8221;70&#8243; css_animation=&#8221;&#8221; css=&#8221;.vc_custom_1441189991501{padding-right: 10% !important;padding-left: 10% !important;}&#8221;][vc_column][vc_separator type=&#8221;transparent&#8221; up=&#8221;25&#8243;][vc_accordion style=&#8221;accordion&#8221;][vc_accordion_tab title=&#8221;K\u00e4\u00e4nt\u00e4minen&#8221; background_color=&#8221;#c9e4e8&#8243;][vc_row_inner row_type=&#8221;row&#8221; type=&#8221;grid&#8221; text_align=&#8221;left&#8221; css_animation=&#8221;&#8221; css=&#8221;.vc_custom_1439895695877{padding-top: 60px !important;padding-bottom: 60px !important;}&#8221;][vc_column_inner width=&#8221;1\/4&#8243;][\/vc_column_inner][vc_column_inner width=&#8221;3\/4&#8243;][vc_column_text] K\u00e4\u00e4nt\u00e4minen [\/vc_column_text][vc_separator type=&#8221;small&#8221; position=&#8221;left&#8221; color=&#8221;#383838&#8243; thickness=&#8221;5&#8243; width=&#8221;120&#8243; up=&#8221;15&#8243; down=&#8221;30&#8243;][vc_column_text]K\u00e4\u00e4nt\u00e4misess\u00e4 keskeist\u00e4 on viestin v\u00e4litt\u00e4minen yli&#8230;<\/p>\n","protected":false},"author":1,"featured_media":0,"parent":0,"menu_order":0,"comment_status":"open","ping_status":"closed","template":"full_width.php","meta":{"footnotes":""},"class_list":["post-15880","page","type-page","status-publish","hentry"],"yoast_head":"<!-- This site is optimized with the Yoast SEO plugin v27.4 - https:\/\/yoast.com\/product\/yoast-seo-wordpress\/ -->\n<title>Palvelut - Finnish Translations<\/title>\n<meta name=\"robots\" content=\"index, follow, max-snippet:-1, max-image-preview:large, max-video-preview:-1\" \/>\n<link rel=\"canonical\" href=\"https:\/\/finnishtranslations.com\/fi\/palvelut\/\" \/>\n<meta property=\"og:locale\" content=\"fi_FI\" \/>\n<meta property=\"og:type\" content=\"article\" \/>\n<meta property=\"og:title\" content=\"Palvelut - Finnish Translations\" \/>\n<meta property=\"og:description\" content=\"[vc_row row_type=&#8221;row&#8221; use_row_as_full_screen_section=&#8221;no&#8221; type=&#8221;full_width&#8221; anchor=&#8221;down&#8221; angled_section=&#8221;no&#8221; text_align=&#8221;left&#8221; background_image_as_pattern=&#8221;without_pattern&#8221; padding_bottom=&#8221;70&#8243; css_animation=&#8221;&#8221; css=&#8221;.vc_custom_1441189991501{padding-right: 10% !important;padding-left: 10% !important;}&#8221;][vc_column][vc_separator type=&#8221;transparent&#8221; up=&#8221;25&#8243;][vc_accordion style=&#8221;accordion&#8221;][vc_accordion_tab title=&#8221;K\u00e4\u00e4nt\u00e4minen&#8221; background_color=&#8221;#c9e4e8&#8243;][vc_row_inner row_type=&#8221;row&#8221; type=&#8221;grid&#8221; text_align=&#8221;left&#8221; css_animation=&#8221;&#8221; css=&#8221;.vc_custom_1439895695877{padding-top: 60px !important;padding-bottom: 60px !important;}&#8221;][vc_column_inner width=&#8221;1\/4&#8243;][\/vc_column_inner][vc_column_inner width=&#8221;3\/4&#8243;][vc_column_text] K\u00e4\u00e4nt\u00e4minen [\/vc_column_text][vc_separator type=&#8221;small&#8221; position=&#8221;left&#8221; color=&#8221;#383838&#8243; thickness=&#8221;5&#8243; width=&#8221;120&#8243; up=&#8221;15&#8243; down=&#8221;30&#8243;][vc_column_text]K\u00e4\u00e4nt\u00e4misess\u00e4 keskeist\u00e4 on viestin v\u00e4litt\u00e4minen yli...\" \/>\n<meta property=\"og:url\" content=\"https:\/\/finnishtranslations.com\/fi\/palvelut\/\" \/>\n<meta property=\"og:site_name\" content=\"Finnish Translations\" \/>\n<meta property=\"article:modified_time\" content=\"2016-07-15T07:05:01+00:00\" \/>\n<meta name=\"twitter:card\" content=\"summary_large_image\" \/>\n<meta name=\"twitter:label1\" content=\"Arvioitu lukuaika\" \/>\n\t<meta name=\"twitter:data1\" content=\"6 minuuttia\" \/>\n<script type=\"application\/ld+json\" class=\"yoast-schema-graph\">{\"@context\":\"https:\\\/\\\/schema.org\",\"@graph\":[{\"@type\":\"WebPage\",\"@id\":\"https:\\\/\\\/finnishtranslations.com\\\/fi\\\/palvelut\\\/\",\"url\":\"https:\\\/\\\/finnishtranslations.com\\\/fi\\\/palvelut\\\/\",\"name\":\"Palvelut - Finnish Translations\",\"isPartOf\":{\"@id\":\"https:\\\/\\\/finnishtranslations.com\\\/#website\"},\"datePublished\":\"2015-09-07T09:26:40+00:00\",\"dateModified\":\"2016-07-15T07:05:01+00:00\",\"breadcrumb\":{\"@id\":\"https:\\\/\\\/finnishtranslations.com\\\/fi\\\/palvelut\\\/#breadcrumb\"},\"inLanguage\":\"fi\",\"potentialAction\":[{\"@type\":\"ReadAction\",\"target\":[\"https:\\\/\\\/finnishtranslations.com\\\/fi\\\/palvelut\\\/\"]}]},{\"@type\":\"BreadcrumbList\",\"@id\":\"https:\\\/\\\/finnishtranslations.com\\\/fi\\\/palvelut\\\/#breadcrumb\",\"itemListElement\":[{\"@type\":\"ListItem\",\"position\":1,\"name\":\"Etusivu\",\"item\":\"https:\\\/\\\/finnishtranslations.com\\\/fi\\\/\"},{\"@type\":\"ListItem\",\"position\":2,\"name\":\"Palvelut\"}]},{\"@type\":\"WebSite\",\"@id\":\"https:\\\/\\\/finnishtranslations.com\\\/#website\",\"url\":\"https:\\\/\\\/finnishtranslations.com\\\/\",\"name\":\"Finnish Translations\",\"description\":\"PROFESSIONAL TRANSLATION AND LANGUAGE SERVICES\",\"potentialAction\":[{\"@type\":\"SearchAction\",\"target\":{\"@type\":\"EntryPoint\",\"urlTemplate\":\"https:\\\/\\\/finnishtranslations.com\\\/?s={search_term_string}\"},\"query-input\":{\"@type\":\"PropertyValueSpecification\",\"valueRequired\":true,\"valueName\":\"search_term_string\"}}],\"inLanguage\":\"fi\"}]}<\/script>\n<!-- \/ Yoast SEO plugin. -->","yoast_head_json":{"title":"Palvelut - Finnish Translations","robots":{"index":"index","follow":"follow","max-snippet":"max-snippet:-1","max-image-preview":"max-image-preview:large","max-video-preview":"max-video-preview:-1"},"canonical":"https:\/\/finnishtranslations.com\/fi\/palvelut\/","og_locale":"fi_FI","og_type":"article","og_title":"Palvelut - Finnish Translations","og_description":"[vc_row row_type=&#8221;row&#8221; use_row_as_full_screen_section=&#8221;no&#8221; type=&#8221;full_width&#8221; anchor=&#8221;down&#8221; angled_section=&#8221;no&#8221; text_align=&#8221;left&#8221; background_image_as_pattern=&#8221;without_pattern&#8221; padding_bottom=&#8221;70&#8243; css_animation=&#8221;&#8221; css=&#8221;.vc_custom_1441189991501{padding-right: 10% !important;padding-left: 10% !important;}&#8221;][vc_column][vc_separator type=&#8221;transparent&#8221; up=&#8221;25&#8243;][vc_accordion style=&#8221;accordion&#8221;][vc_accordion_tab title=&#8221;K\u00e4\u00e4nt\u00e4minen&#8221; background_color=&#8221;#c9e4e8&#8243;][vc_row_inner row_type=&#8221;row&#8221; type=&#8221;grid&#8221; text_align=&#8221;left&#8221; css_animation=&#8221;&#8221; css=&#8221;.vc_custom_1439895695877{padding-top: 60px !important;padding-bottom: 60px !important;}&#8221;][vc_column_inner width=&#8221;1\/4&#8243;][\/vc_column_inner][vc_column_inner width=&#8221;3\/4&#8243;][vc_column_text] K\u00e4\u00e4nt\u00e4minen [\/vc_column_text][vc_separator type=&#8221;small&#8221; position=&#8221;left&#8221; color=&#8221;#383838&#8243; thickness=&#8221;5&#8243; width=&#8221;120&#8243; up=&#8221;15&#8243; down=&#8221;30&#8243;][vc_column_text]K\u00e4\u00e4nt\u00e4misess\u00e4 keskeist\u00e4 on viestin v\u00e4litt\u00e4minen yli...","og_url":"https:\/\/finnishtranslations.com\/fi\/palvelut\/","og_site_name":"Finnish Translations","article_modified_time":"2016-07-15T07:05:01+00:00","twitter_card":"summary_large_image","twitter_misc":{"Arvioitu lukuaika":"6 minuuttia"},"schema":{"@context":"https:\/\/schema.org","@graph":[{"@type":"WebPage","@id":"https:\/\/finnishtranslations.com\/fi\/palvelut\/","url":"https:\/\/finnishtranslations.com\/fi\/palvelut\/","name":"Palvelut - Finnish Translations","isPartOf":{"@id":"https:\/\/finnishtranslations.com\/#website"},"datePublished":"2015-09-07T09:26:40+00:00","dateModified":"2016-07-15T07:05:01+00:00","breadcrumb":{"@id":"https:\/\/finnishtranslations.com\/fi\/palvelut\/#breadcrumb"},"inLanguage":"fi","potentialAction":[{"@type":"ReadAction","target":["https:\/\/finnishtranslations.com\/fi\/palvelut\/"]}]},{"@type":"BreadcrumbList","@id":"https:\/\/finnishtranslations.com\/fi\/palvelut\/#breadcrumb","itemListElement":[{"@type":"ListItem","position":1,"name":"Etusivu","item":"https:\/\/finnishtranslations.com\/fi\/"},{"@type":"ListItem","position":2,"name":"Palvelut"}]},{"@type":"WebSite","@id":"https:\/\/finnishtranslations.com\/#website","url":"https:\/\/finnishtranslations.com\/","name":"Finnish Translations","description":"PROFESSIONAL TRANSLATION AND LANGUAGE SERVICES","potentialAction":[{"@type":"SearchAction","target":{"@type":"EntryPoint","urlTemplate":"https:\/\/finnishtranslations.com\/?s={search_term_string}"},"query-input":{"@type":"PropertyValueSpecification","valueRequired":true,"valueName":"search_term_string"}}],"inLanguage":"fi"}]}},"_links":{"self":[{"href":"https:\/\/finnishtranslations.com\/fi\/wp-json\/wp\/v2\/pages\/15880","targetHints":{"allow":["GET"]}}],"collection":[{"href":"https:\/\/finnishtranslations.com\/fi\/wp-json\/wp\/v2\/pages"}],"about":[{"href":"https:\/\/finnishtranslations.com\/fi\/wp-json\/wp\/v2\/types\/page"}],"author":[{"embeddable":true,"href":"https:\/\/finnishtranslations.com\/fi\/wp-json\/wp\/v2\/users\/1"}],"replies":[{"embeddable":true,"href":"https:\/\/finnishtranslations.com\/fi\/wp-json\/wp\/v2\/comments?post=15880"}],"version-history":[{"count":0,"href":"https:\/\/finnishtranslations.com\/fi\/wp-json\/wp\/v2\/pages\/15880\/revisions"}],"wp:attachment":[{"href":"https:\/\/finnishtranslations.com\/fi\/wp-json\/wp\/v2\/media?parent=15880"}],"curies":[{"name":"wp","href":"https:\/\/api.w.org\/{rel}","templated":true}]}}