{"id":15601,"date":"2015-06-17T12:55:53","date_gmt":"2015-06-17T09:55:53","guid":{"rendered":"http:\/\/ft.webaula.fi\/?page_id=15601"},"modified":"2016-07-15T10:34:58","modified_gmt":"2016-07-15T07:34:58","slug":"tyoenaeytteitae","status":"publish","type":"page","link":"https:\/\/finnishtranslations.com\/fi\/tyoenaeytteitae\/","title":{"rendered":"Ty\u00f6n\u00e4ytteit\u00e4"},"content":{"rendered":"<div class=\"wpb-content-wrapper\"><p>[vc_row row_type=&#8221;row&#8221; use_row_as_full_screen_section=&#8221;no&#8221; type=&#8221;full_width&#8221; angled_section=&#8221;no&#8221; text_align=&#8221;left&#8221; background_image_as_pattern=&#8221;without_pattern&#8221; css_animation=&#8221;&#8221;][vc_column][vc_column_text]Lue lis\u00e4\u00e4 projekteista painamalla \u201cView\u201d-painiketta kirjan kansikuvan kohdalla. Lukun\u00e4ytteet saat esiin painamalla projektikuvauksen lopussa olevaa \u201cLue n\u00e4yte\u201d -painiketta. T\u00e4ss\u00e4 osiossa n\u00e4ht\u00e4vill\u00e4 olevat lukun\u00e4ytteet ja teosten kansikuvat on julkaistu asiakkaan luvalla.[\/vc_column_text][vc_separator type=&#8221;transparent&#8221; up=&#8221;50&#8243;]<div class='projects_holder_outer v3 portfolio_with_space portfolio_standard'>\n        <div class='projects_holder portfolio_main_holder clearfix v3 standard portfolio_full_image '>\n        \n        <article class='mix portfolio_category_143 default' style=''>\n    \n    \n    \n                <div class='image_holder'>\n                <a itemprop='url' class='portfolio_link_for_touch' href='https:\/\/finnishtranslations.com\/fi\/portfolio_page\/knowing-photographs-valokuvallisia-todellisuuksia\/' target='_self'>\n                    \n<span class='image'><img loading=\"lazy\" decoding=\"async\" width=\"763\" height=\"1181\" src=\"https:\/\/finnishtranslations.com\/wp-content\/uploads\/2015\/06\/valokuvallisia_todellisuuksia_0.jpg\" class=\"attachment-full size-full wp-post-image\" alt=\"\" srcset=\"https:\/\/finnishtranslations.com\/wp-content\/uploads\/2015\/06\/valokuvallisia_todellisuuksia_0.jpg 763w, https:\/\/finnishtranslations.com\/wp-content\/uploads\/2015\/06\/valokuvallisia_todellisuuksia_0-194x300.jpg 194w, https:\/\/finnishtranslations.com\/wp-content\/uploads\/2015\/06\/valokuvallisia_todellisuuksia_0-662x1024.jpg 662w, https:\/\/finnishtranslations.com\/wp-content\/uploads\/2015\/06\/valokuvallisia_todellisuuksia_0-700x1083.jpg 700w\" sizes=\"auto, (max-width: 763px) 100vw, 763px\" \/><\/span>                <\/a>\n\n                <span class='text_holder'>\n    <span class='text_outer'>\n        <span class='text_inner'>\n            <span class='feature_holder'>\n                            <span class=\"feature_holder_icons\">';\n                            <a itemprop='image' class='lightbox qbutton small white' title='Knowing Photographs &#8211; Valokuvallisia todellisuuksia' href='https:\/\/finnishtranslations.com\/wp-content\/uploads\/2015\/06\/valokuvallisia_todellisuuksia_0.jpg' data-rel='prettyPhoto[pretty_photo_gallery]'>zoom<\/a>\n    \n                            <a itemprop='url' class='preview qbutton small white' href='https:\/\/finnishtranslations.com\/fi\/portfolio_page\/knowing-photographs-valokuvallisia-todellisuuksia\/' target='_self'>view<\/i><\/a>\n    \n                                            <\/span>\n        <\/span>\n    <\/span>\n<\/span>            <\/div>\n                <div class='portfolio_description ' >\n\n        \n    <h5 itemprop=\"name\" class=\"portfolio_title entry_title\"><a itemprop=\"url\" href=\"https:\/\/finnishtranslations.com\/fi\/portfolio_page\/knowing-photographs-valokuvallisia-todellisuuksia\/\"  target=\"_self\"> Knowing Photographs &#8211; Valokuvallisia todellisuuksia<\/a><\/h5>\n\n\n        \n            <span class=\"project_category\"  >\n    teokset    <\/span>\n\n    <\/div>\n        \n<\/article>\n<article class='mix portfolio_category_143 default' style=''>\n    \n    \n    \n                <div class='image_holder'>\n                <a itemprop='url' class='portfolio_link_for_touch' href='https:\/\/finnishtranslations.com\/fi\/portfolio_page\/the-three-insights\/' target='_self'>\n                    \n<span class='image'><img loading=\"lazy\" decoding=\"async\" width=\"612\" height=\"972\" src=\"https:\/\/finnishtranslations.com\/wp-content\/uploads\/2015\/06\/hop.png\" class=\"attachment-full size-full wp-post-image\" alt=\"\" srcset=\"https:\/\/finnishtranslations.com\/wp-content\/uploads\/2015\/06\/hop.png 612w, https:\/\/finnishtranslations.com\/wp-content\/uploads\/2015\/06\/hop-189x300.png 189w\" sizes=\"auto, (max-width: 612px) 100vw, 612px\" \/><\/span>                <\/a>\n\n                <span class='text_holder'>\n    <span class='text_outer'>\n        <span class='text_inner'>\n            <span class='feature_holder'>\n                            <span class=\"feature_holder_icons\">';\n                            <a itemprop='image' class='lightbox qbutton small white' title='The three insights' href='https:\/\/finnishtranslations.com\/wp-content\/uploads\/2015\/06\/hop.png' data-rel='prettyPhoto[pretty_photo_gallery]'>zoom<\/a>\n    \n                            <a itemprop='url' class='preview qbutton small white' href='https:\/\/finnishtranslations.com\/fi\/portfolio_page\/the-three-insights\/' target='_self'>view<\/i><\/a>\n    \n                                            <\/span>\n        <\/span>\n    <\/span>\n<\/span>            <\/div>\n                <div class='portfolio_description ' >\n\n        \n    <h5 itemprop=\"name\" class=\"portfolio_title entry_title\"><a itemprop=\"url\" href=\"https:\/\/finnishtranslations.com\/fi\/portfolio_page\/the-three-insights\/\"  target=\"_self\"> The three insights<\/a><\/h5>\n\n\n        \n            <span class=\"project_category\"  >\n    teokset    <\/span>\n\n    <\/div>\n        \n<\/article>\n<article class='mix portfolio_category_143 default' style=''>\n    \n    \n    \n                <div class='image_holder'>\n                <a itemprop='url' class='portfolio_link_for_touch' href='https:\/\/finnishtranslations.com\/fi\/portfolio_page\/pohjan-tahdet\/' target='_self'>\n                    \n<span class='image'><img loading=\"lazy\" decoding=\"async\" width=\"905\" height=\"1024\" src=\"https:\/\/finnishtranslations.com\/wp-content\/uploads\/2015\/09\/Pohjan_tahdet_kansikuva.jpg\" class=\"attachment-full size-full wp-post-image\" alt=\"\" srcset=\"https:\/\/finnishtranslations.com\/wp-content\/uploads\/2015\/09\/Pohjan_tahdet_kansikuva.jpg 905w, https:\/\/finnishtranslations.com\/wp-content\/uploads\/2015\/09\/Pohjan_tahdet_kansikuva-265x300.jpg 265w, https:\/\/finnishtranslations.com\/wp-content\/uploads\/2015\/09\/Pohjan_tahdet_kansikuva-700x792.jpg 700w\" sizes=\"auto, (max-width: 905px) 100vw, 905px\" \/><\/span>                <\/a>\n\n                <span class='text_holder'>\n    <span class='text_outer'>\n        <span class='text_inner'>\n            <span class='feature_holder'>\n                            <span class=\"feature_holder_icons\">';\n                            <a itemprop='image' class='lightbox qbutton small white' title='Pohjan t\u00e4hdet' href='https:\/\/finnishtranslations.com\/wp-content\/uploads\/2015\/09\/Pohjan_tahdet_kansikuva.jpg' data-rel='prettyPhoto[pretty_photo_gallery]'>zoom<\/a>\n    \n                            <a itemprop='url' class='preview qbutton small white' href='https:\/\/finnishtranslations.com\/fi\/portfolio_page\/pohjan-tahdet\/' target='_self'>view<\/i><\/a>\n    \n                                            <\/span>\n        <\/span>\n    <\/span>\n<\/span>            <\/div>\n                <div class='portfolio_description ' >\n\n        \n    <h5 itemprop=\"name\" class=\"portfolio_title entry_title\"><a itemprop=\"url\" href=\"https:\/\/finnishtranslations.com\/fi\/portfolio_page\/pohjan-tahdet\/\"  target=\"_self\"> Pohjan t\u00e4hdet<\/a><\/h5>\n\n\n        \n            <span class=\"project_category\"  >\n    teokset    <\/span>\n\n    <\/div>\n        \n<\/article>\n        <div class='filler'><\/div>\n            <div class='filler'><\/div>\n            <div class='filler'><\/div>\n        <\/div>\n\n    \n    <\/div>[\/vc_column][\/vc_row]<\/p>\n<\/div>","protected":false},"excerpt":{"rendered":"<p>[vc_row row_type=&#8221;row&#8221; use_row_as_full_screen_section=&#8221;no&#8221; type=&#8221;full_width&#8221; angled_section=&#8221;no&#8221; text_align=&#8221;left&#8221; background_image_as_pattern=&#8221;without_pattern&#8221; css_animation=&#8221;&#8221;][vc_column][vc_column_text]Lue lis\u00e4\u00e4 projekteista painamalla \u201cView\u201d-painiketta kirjan kansikuvan kohdalla. Lukun\u00e4ytteet saat esiin painamalla projektikuvauksen lopussa olevaa \u201cLue n\u00e4yte\u201d -painiketta. T\u00e4ss\u00e4 osiossa n\u00e4ht\u00e4vill\u00e4 olevat lukun\u00e4ytteet ja teosten kansikuvat on julkaistu asiakkaan luvalla.[\/vc_column_text][vc_separator type=&#8221;transparent&#8221; up=&#8221;50&#8243;][\/vc_column][\/vc_row]<\/p>\n","protected":false},"author":1,"featured_media":0,"parent":0,"menu_order":0,"comment_status":"open","ping_status":"closed","template":"","meta":{"footnotes":""},"class_list":["post-15601","page","type-page","status-publish","hentry"],"yoast_head":"<!-- This site is optimized with the Yoast SEO plugin v27.3 - https:\/\/yoast.com\/product\/yoast-seo-wordpress\/ -->\n<title>Ty\u00f6n\u00e4ytteit\u00e4 - Finnish Translations<\/title>\n<meta name=\"robots\" content=\"index, follow, max-snippet:-1, max-image-preview:large, max-video-preview:-1\" \/>\n<link rel=\"canonical\" href=\"https:\/\/finnishtranslations.com\/fi\/tyoenaeytteitae\/\" \/>\n<meta property=\"og:locale\" content=\"fi_FI\" \/>\n<meta property=\"og:type\" content=\"article\" \/>\n<meta property=\"og:title\" content=\"Ty\u00f6n\u00e4ytteit\u00e4 - Finnish Translations\" \/>\n<meta property=\"og:description\" content=\"[vc_row row_type=&#8221;row&#8221; use_row_as_full_screen_section=&#8221;no&#8221; type=&#8221;full_width&#8221; angled_section=&#8221;no&#8221; text_align=&#8221;left&#8221; background_image_as_pattern=&#8221;without_pattern&#8221; css_animation=&#8221;&#8221;][vc_column][vc_column_text]Lue lis\u00e4\u00e4 projekteista painamalla \u201cView\u201d-painiketta kirjan kansikuvan kohdalla. Lukun\u00e4ytteet saat esiin painamalla projektikuvauksen lopussa olevaa \u201cLue n\u00e4yte\u201d -painiketta. T\u00e4ss\u00e4 osiossa n\u00e4ht\u00e4vill\u00e4 olevat lukun\u00e4ytteet ja teosten kansikuvat on julkaistu asiakkaan luvalla.[\/vc_column_text][vc_separator type=&#8221;transparent&#8221; up=&#8221;50&#8243;][\/vc_column][\/vc_row]\" \/>\n<meta property=\"og:url\" content=\"https:\/\/finnishtranslations.com\/fi\/tyoenaeytteitae\/\" \/>\n<meta property=\"og:site_name\" content=\"Finnish Translations\" \/>\n<meta property=\"article:modified_time\" content=\"2016-07-15T07:34:58+00:00\" \/>\n<meta name=\"twitter:card\" content=\"summary_large_image\" \/>\n<script type=\"application\/ld+json\" class=\"yoast-schema-graph\">{\"@context\":\"https:\\\/\\\/schema.org\",\"@graph\":[{\"@type\":\"WebPage\",\"@id\":\"https:\\\/\\\/finnishtranslations.com\\\/fi\\\/tyoenaeytteitae\\\/\",\"url\":\"https:\\\/\\\/finnishtranslations.com\\\/fi\\\/tyoenaeytteitae\\\/\",\"name\":\"Ty\u00f6n\u00e4ytteit\u00e4 - Finnish Translations\",\"isPartOf\":{\"@id\":\"https:\\\/\\\/finnishtranslations.com\\\/#website\"},\"datePublished\":\"2015-06-17T09:55:53+00:00\",\"dateModified\":\"2016-07-15T07:34:58+00:00\",\"breadcrumb\":{\"@id\":\"https:\\\/\\\/finnishtranslations.com\\\/fi\\\/tyoenaeytteitae\\\/#breadcrumb\"},\"inLanguage\":\"fi\",\"potentialAction\":[{\"@type\":\"ReadAction\",\"target\":[\"https:\\\/\\\/finnishtranslations.com\\\/fi\\\/tyoenaeytteitae\\\/\"]}]},{\"@type\":\"BreadcrumbList\",\"@id\":\"https:\\\/\\\/finnishtranslations.com\\\/fi\\\/tyoenaeytteitae\\\/#breadcrumb\",\"itemListElement\":[{\"@type\":\"ListItem\",\"position\":1,\"name\":\"Etusivu\",\"item\":\"https:\\\/\\\/finnishtranslations.com\\\/fi\\\/\"},{\"@type\":\"ListItem\",\"position\":2,\"name\":\"Ty\u00f6n\u00e4ytteit\u00e4\"}]},{\"@type\":\"WebSite\",\"@id\":\"https:\\\/\\\/finnishtranslations.com\\\/#website\",\"url\":\"https:\\\/\\\/finnishtranslations.com\\\/\",\"name\":\"Finnish Translations\",\"description\":\"PROFESSIONAL TRANSLATION AND LANGUAGE SERVICES\",\"potentialAction\":[{\"@type\":\"SearchAction\",\"target\":{\"@type\":\"EntryPoint\",\"urlTemplate\":\"https:\\\/\\\/finnishtranslations.com\\\/?s={search_term_string}\"},\"query-input\":{\"@type\":\"PropertyValueSpecification\",\"valueRequired\":true,\"valueName\":\"search_term_string\"}}],\"inLanguage\":\"fi\"}]}<\/script>\n<!-- \/ Yoast SEO plugin. -->","yoast_head_json":{"title":"Ty\u00f6n\u00e4ytteit\u00e4 - Finnish Translations","robots":{"index":"index","follow":"follow","max-snippet":"max-snippet:-1","max-image-preview":"max-image-preview:large","max-video-preview":"max-video-preview:-1"},"canonical":"https:\/\/finnishtranslations.com\/fi\/tyoenaeytteitae\/","og_locale":"fi_FI","og_type":"article","og_title":"Ty\u00f6n\u00e4ytteit\u00e4 - Finnish Translations","og_description":"[vc_row row_type=&#8221;row&#8221; use_row_as_full_screen_section=&#8221;no&#8221; type=&#8221;full_width&#8221; angled_section=&#8221;no&#8221; text_align=&#8221;left&#8221; background_image_as_pattern=&#8221;without_pattern&#8221; css_animation=&#8221;&#8221;][vc_column][vc_column_text]Lue lis\u00e4\u00e4 projekteista painamalla \u201cView\u201d-painiketta kirjan kansikuvan kohdalla. Lukun\u00e4ytteet saat esiin painamalla projektikuvauksen lopussa olevaa \u201cLue n\u00e4yte\u201d -painiketta. T\u00e4ss\u00e4 osiossa n\u00e4ht\u00e4vill\u00e4 olevat lukun\u00e4ytteet ja teosten kansikuvat on julkaistu asiakkaan luvalla.[\/vc_column_text][vc_separator type=&#8221;transparent&#8221; up=&#8221;50&#8243;][\/vc_column][\/vc_row]","og_url":"https:\/\/finnishtranslations.com\/fi\/tyoenaeytteitae\/","og_site_name":"Finnish Translations","article_modified_time":"2016-07-15T07:34:58+00:00","twitter_card":"summary_large_image","schema":{"@context":"https:\/\/schema.org","@graph":[{"@type":"WebPage","@id":"https:\/\/finnishtranslations.com\/fi\/tyoenaeytteitae\/","url":"https:\/\/finnishtranslations.com\/fi\/tyoenaeytteitae\/","name":"Ty\u00f6n\u00e4ytteit\u00e4 - Finnish Translations","isPartOf":{"@id":"https:\/\/finnishtranslations.com\/#website"},"datePublished":"2015-06-17T09:55:53+00:00","dateModified":"2016-07-15T07:34:58+00:00","breadcrumb":{"@id":"https:\/\/finnishtranslations.com\/fi\/tyoenaeytteitae\/#breadcrumb"},"inLanguage":"fi","potentialAction":[{"@type":"ReadAction","target":["https:\/\/finnishtranslations.com\/fi\/tyoenaeytteitae\/"]}]},{"@type":"BreadcrumbList","@id":"https:\/\/finnishtranslations.com\/fi\/tyoenaeytteitae\/#breadcrumb","itemListElement":[{"@type":"ListItem","position":1,"name":"Etusivu","item":"https:\/\/finnishtranslations.com\/fi\/"},{"@type":"ListItem","position":2,"name":"Ty\u00f6n\u00e4ytteit\u00e4"}]},{"@type":"WebSite","@id":"https:\/\/finnishtranslations.com\/#website","url":"https:\/\/finnishtranslations.com\/","name":"Finnish Translations","description":"PROFESSIONAL TRANSLATION AND LANGUAGE SERVICES","potentialAction":[{"@type":"SearchAction","target":{"@type":"EntryPoint","urlTemplate":"https:\/\/finnishtranslations.com\/?s={search_term_string}"},"query-input":{"@type":"PropertyValueSpecification","valueRequired":true,"valueName":"search_term_string"}}],"inLanguage":"fi"}]}},"_links":{"self":[{"href":"https:\/\/finnishtranslations.com\/fi\/wp-json\/wp\/v2\/pages\/15601","targetHints":{"allow":["GET"]}}],"collection":[{"href":"https:\/\/finnishtranslations.com\/fi\/wp-json\/wp\/v2\/pages"}],"about":[{"href":"https:\/\/finnishtranslations.com\/fi\/wp-json\/wp\/v2\/types\/page"}],"author":[{"embeddable":true,"href":"https:\/\/finnishtranslations.com\/fi\/wp-json\/wp\/v2\/users\/1"}],"replies":[{"embeddable":true,"href":"https:\/\/finnishtranslations.com\/fi\/wp-json\/wp\/v2\/comments?post=15601"}],"version-history":[{"count":0,"href":"https:\/\/finnishtranslations.com\/fi\/wp-json\/wp\/v2\/pages\/15601\/revisions"}],"wp:attachment":[{"href":"https:\/\/finnishtranslations.com\/fi\/wp-json\/wp\/v2\/media?parent=15601"}],"curies":[{"name":"wp","href":"https:\/\/api.w.org\/{rel}","templated":true}]}}