{"id":15596,"date":"2015-06-17T12:54:26","date_gmt":"2015-06-17T09:54:26","guid":{"rendered":"http:\/\/ft.webaula.fi\/?page_id=15596"},"modified":"2016-07-15T10:04:48","modified_gmt":"2016-07-15T07:04:48","slug":"hinnasto","status":"publish","type":"page","link":"https:\/\/finnishtranslations.com\/fi\/hinnasto\/","title":{"rendered":"Hinnasto"},"content":{"rendered":"<div class=\"wpb-content-wrapper\"><p>[vc_row row_type=&#8221;row&#8221; use_row_as_full_screen_section=&#8221;no&#8221; type=&#8221;grid&#8221; angled_section=&#8221;no&#8221; text_align=&#8221;left&#8221; background_image_as_pattern=&#8221;without_pattern&#8221; padding_top=&#8221;87&#8243; css_animation=&#8221;&#8221;][vc_column width=&#8221;1\/3&#8243;][vc_separator type=&#8221;transparent&#8221; up=&#8221;7&#8243; down=&#8221;0&#8243;][vc_single_image image=&#8221;15679&#8243; img_size=&#8221;full&#8221; qode_css_animation=&#8221;&#8221;][vc_separator type=&#8221;transparent&#8221; up=&#8221;15&#8243; down=&#8221;0&#8243;][\/vc_column][vc_column width=&#8221;2\/3&#8243;][vc_column_text]<\/p>\n<h2><strong>Tietoa hinnoittelusta<br \/>\n<\/strong><\/h2>\n<p>[\/vc_column_text][vc_separator type=&#8221;small&#8221; position=&#8221;left&#8221; up=&#8221;7&#8243; down=&#8221;34&#8243;][vc_column_text]Oheiset hintatiedot antavat k\u00e4sityksen tarjoamieni k\u00e4\u00e4nn\u00f6spalveluiden kustannuksista. Jokainen toimeksianto on kuitenkin yksil\u00f6llinen, ja t\u00e4ss\u00e4 esitetyt hintatiedot ovat suuntaa-antavia. Esimerkiksi alennuksia voidaan my\u00f6nt\u00e4\u00e4 s\u00e4\u00e4nn\u00f6llisesti toistuvista tilauksista, pitk\u00e4kestoisista projekteista sek\u00e4 suurista tekstim\u00e4\u00e4rist\u00e4.\u00a0 Ilmoitathan my\u00f6s, mik\u00e4li projektilla on budjettirajoituksia tai siihen liittyy muita erityiskysymyksi\u00e4. Pyrin l\u00f6yt\u00e4m\u00e4\u00e4n kustannustehokkaan ratkaisun kaikkiin k\u00e4\u00e4nn\u00f6starpeisiin.[\/vc_column_text][vc_separator type=&#8221;transparent&#8221; up=&#8221;20&#8243; down=&#8221;16&#8243;]<a  itemprop=\"url\" href=\"\/fi\/contact\/\" target=\"_self\" data-hover-background-color=\"#ffffff\" data-hover-border-color=\"#2b2b2b\" class=\"qbutton  default\" style=\"\">Ota yhteytt\u00e4<\/a>[\/vc_column][\/vc_row][vc_row row_type=&#8221;row&#8221; use_row_as_full_screen_section=&#8221;no&#8221; type=&#8221;full_width&#8221; angled_section=&#8221;no&#8221; text_align=&#8221;left&#8221; background_image_as_pattern=&#8221;without_pattern&#8221; css_animation=&#8221;&#8221;][vc_column][vc_separator type=&#8221;transparent&#8221; up=&#8221;94&#8243; down=&#8221;0&#8243;][\/vc_column][\/vc_row][vc_row row_type=&#8221;row&#8221; use_row_as_full_screen_section=&#8221;no&#8221; type=&#8221;grid&#8221; angled_section=&#8221;no&#8221; text_align=&#8221;left&#8221; background_image_as_pattern=&#8221;without_pattern&#8221; background_color=&#8221;#ffffff&#8221; padding_top=&#8221;87&#8243; css_animation=&#8221;&#8221;][vc_column width=&#8221;2\/3&#8243;][vc_column_text]<\/p>\n<h2><strong>Paljonko k\u00e4\u00e4nn\u00f6s maksaa?<\/strong><\/h2>\n<p>[\/vc_column_text][vc_separator type=&#8221;small&#8221; position=&#8221;left&#8221; up=&#8221;7&#8243; down=&#8221;34&#8243;][vc_column_text]Kielipareille englanti\u2014suomi ja saksa\u2014suomi k\u00e4\u00e4nn\u00f6sten sanahinta on 0,16\u20140,22 EUR (0.18\u20140.25 USD\/0.11\u20140.16 GBP). K\u00e4\u00e4nn\u00f6sty\u00f6n kustannuksiin vaikuttavat monet tekij\u00e4t:<\/p>\n<p>&nbsp;<\/p>\n<p>&#8211; tekstin vaikeusaste<br \/>\n&#8211; k\u00e4\u00e4nnett\u00e4v\u00e4n materiaalin m\u00e4\u00e4r\u00e4<br \/>\n&#8211; toimeksiannon kiireellisyys<br \/>\n&#8211; lyhytkestoinen \/ jatkuva projekti<br \/>\n&#8211; jne.<\/p>\n<p>&nbsp;<\/p>\n<p>Ennen projektin alkua asiakas saa tarjouksen, josta k\u00e4yv\u00e4t ilmi projektin kokonaiskustannukset. Tarvittaessa tarjousta voidaan t\u00e4sment\u00e4\u00e4 tai selkeytt\u00e4\u00e4. Projekti alkaa asiakkaan hyv\u00e4ksytty\u00e4 tarjouksen. Mik\u00e4li ty\u00f6m\u00e4\u00e4r\u00e4 muuttuu projektin edetess\u00e4 (esim. k\u00e4\u00e4nnett\u00e4v\u00e4n materiaalin m\u00e4\u00e4r\u00e4 muuttuu tai tilataan lis\u00e4palveluja), hinta tarkistetaan uutta ty\u00f6m\u00e4\u00e4r\u00e4\u00e4 vastaavaksi. Lis\u00e4t\u00f6ist\u00e4 sovitaan asiakkaan kanssa aina erikseen. Laskutus tapahtuu lyhyiden projektien osalta projektin p\u00e4\u00e4tytty\u00e4 ja jatkuvien projektien (esim. pitk\u00e4kestoiset hankkeet, toistuvien teht\u00e4vien hoito) osalta kuukausittain toteutuneen ty\u00f6m\u00e4\u00e4r\u00e4n mukaan.<\/p>\n<p>[\/vc_column_text][vc_separator type=&#8221;transparent&#8221; up=&#8221;20&#8243; down=&#8221;16&#8243;][vc_column_text]<\/p>\n<h2><strong>Muut kielipalvelut<br \/>\n<\/strong><\/h2>\n<p>[\/vc_column_text][vc_separator type=&#8221;small&#8221; position=&#8221;left&#8221; up=&#8221;7&#8243; down=&#8221;34&#8243;][vc_column_text]Kielentarkistukseen, editointiin, tekstintuottoon ja tekstin tiivist\u00e4miseen sovelletaan tuntiveloitusta, alkaen 35 EUR\/tunti. Toimeksiannon hinta sovitaan asiakkaan kanssa etuk\u00e4teen. N\u00e4in asiakas tiet\u00e4\u00e4 alusta saakka, paljonko tilattu palvelu maksaa. Mik\u00e4li toimeksianto muuttuu oleellisesti sovitusta projektin edetess\u00e4, hinta tarkistetaan uutta ty\u00f6m\u00e4\u00e4r\u00e4\u00e4 vastaavaksi.[\/vc_column_text][vc_separator type=&#8221;small&#8221; position=&#8221;left&#8221; up=&#8221;7&#8243; down=&#8221;34&#8243;]<a  itemprop=\"url\" href=\"\/fi\/free-quote\/\" target=\"_self\" data-hover-border-color=\"#2b2b2b\" class=\"qbutton  default\" style=\"\">L\u00e4het\u00e4 tarjouspyynt\u00f6<\/a>[vc_separator type=&#8221;transparent&#8221; up=&#8221;15&#8243; down=&#8221;0&#8243;][\/vc_column][vc_column width=&#8221;1\/3&#8243;][vc_separator type=&#8221;transparent&#8221; up=&#8221;7&#8243; down=&#8221;0&#8243;][vc_single_image image=&#8221;12567&#8243; img_size=&#8221;full&#8221; qode_css_animation=&#8221;element_from_right&#8221; transition_delay=&#8221;0.3&#8243;][\/vc_column][\/vc_row][vc_row row_type=&#8221;row&#8221; use_row_as_full_screen_section=&#8221;no&#8221; type=&#8221;full_width&#8221; angled_section=&#8221;no&#8221; text_align=&#8221;left&#8221; background_image_as_pattern=&#8221;without_pattern&#8221; background_color=&#8221;#ffffff&#8221; css_animation=&#8221;&#8221;][vc_column][vc_separator type=&#8221;transparent&#8221; up=&#8221;94&#8243; down=&#8221;0&#8243;][\/vc_column][\/vc_row][vc_row row_type=&#8221;row&#8221; use_row_as_full_screen_section=&#8221;no&#8221; type=&#8221;grid&#8221; angled_section=&#8221;no&#8221; text_align=&#8221;left&#8221; background_image_as_pattern=&#8221;without_pattern&#8221; padding_top=&#8221;87&#8243; padding_bottom=&#8221;87&#8243; css_animation=&#8221;&#8221;][vc_column width=&#8221;1\/3&#8243;][vc_separator type=&#8221;transparent&#8221; up=&#8221;7&#8243; down=&#8221;0&#8243;][vc_single_image image=&#8221;15664&#8243; img_size=&#8221;full&#8221; qode_css_animation=&#8221;element_from_left&#8221; transition_delay=&#8221;0.3&#8243;][vc_separator type=&#8221;transparent&#8221; up=&#8221;15&#8243; down=&#8221;0&#8243;][\/vc_column][vc_column width=&#8221;2\/3&#8243;][vc_column_text]<\/p>\n<h2><strong>Ota yhteytt\u00e4<br \/>\n<\/strong><\/h2>\n<p>[\/vc_column_text][vc_separator type=&#8221;small&#8221; position=&#8221;left&#8221; up=&#8221;7&#8243; down=&#8221;34&#8243;][vc_column_text]Kun haluat saada tarjouksen, t\u00e4yt\u00e4 <a href=\"\/fi\/free-quote\/\">tarjouspyynt\u00f6lomake<\/a>. \u00a0Tarjouspyynn\u00f6n l\u00e4hett\u00e4minen ei sido sinua viel\u00e4 mihink\u00e4\u00e4n. Toimitan sinulle varsinaisen tarjouksen keskusteltuamme projektin yksityiskohdista. Voimme suunnitella projektiasi my\u00f6s puhelimitse: +358 40 135 0989.[\/vc_column_text][vc_separator type=&#8221;transparent&#8221; up=&#8221;20&#8243; down=&#8221;16&#8243;]<a  itemprop=\"url\" href=\"\/wp-content\/uploads\/2015\/08\/General-Terms-of-Contract-for-Translations.pdf\" target=\"_self\" data-hover-border-color=\"#2b2b2b\" class=\"qbutton  default\" style=\"\">Yleiset sopimusehdot<\/a>[\/vc_column][\/vc_row]<\/p>\n<\/div>","protected":false},"excerpt":{"rendered":"<p>[vc_row row_type=&#8221;row&#8221; use_row_as_full_screen_section=&#8221;no&#8221; type=&#8221;grid&#8221; angled_section=&#8221;no&#8221; text_align=&#8221;left&#8221; background_image_as_pattern=&#8221;without_pattern&#8221; padding_top=&#8221;87&#8243; css_animation=&#8221;&#8221;][vc_column width=&#8221;1\/3&#8243;][vc_separator type=&#8221;transparent&#8221; up=&#8221;7&#8243; down=&#8221;0&#8243;][vc_single_image image=&#8221;15679&#8243; img_size=&#8221;full&#8221; qode_css_animation=&#8221;&#8221;][vc_separator type=&#8221;transparent&#8221; up=&#8221;15&#8243; down=&#8221;0&#8243;][\/vc_column][vc_column width=&#8221;2\/3&#8243;][vc_column_text] Tietoa hinnoittelusta [\/vc_column_text][vc_separator type=&#8221;small&#8221; position=&#8221;left&#8221; up=&#8221;7&#8243; down=&#8221;34&#8243;][vc_column_text]Oheiset hintatiedot antavat k\u00e4sityksen tarjoamieni k\u00e4\u00e4nn\u00f6spalveluiden kustannuksista. Jokainen toimeksianto on kuitenkin yksil\u00f6llinen, ja t\u00e4ss\u00e4 esitetyt hintatiedot ovat suuntaa-antavia. Esimerkiksi&#8230;<\/p>\n","protected":false},"author":1,"featured_media":0,"parent":0,"menu_order":0,"comment_status":"open","ping_status":"closed","template":"full_width.php","meta":{"footnotes":""},"class_list":["post-15596","page","type-page","status-publish","hentry"],"yoast_head":"<!-- This site is optimized with the Yoast SEO plugin v27.4 - https:\/\/yoast.com\/product\/yoast-seo-wordpress\/ -->\n<title>Hinnasto - Finnish Translations<\/title>\n<meta name=\"robots\" content=\"index, follow, max-snippet:-1, max-image-preview:large, max-video-preview:-1\" \/>\n<link rel=\"canonical\" href=\"https:\/\/finnishtranslations.com\/fi\/hinnasto\/\" \/>\n<meta property=\"og:locale\" content=\"fi_FI\" \/>\n<meta property=\"og:type\" content=\"article\" \/>\n<meta property=\"og:title\" content=\"Hinnasto - Finnish Translations\" \/>\n<meta property=\"og:description\" content=\"[vc_row row_type=&#8221;row&#8221; use_row_as_full_screen_section=&#8221;no&#8221; type=&#8221;grid&#8221; angled_section=&#8221;no&#8221; text_align=&#8221;left&#8221; background_image_as_pattern=&#8221;without_pattern&#8221; padding_top=&#8221;87&#8243; css_animation=&#8221;&#8221;][vc_column width=&#8221;1\/3&#8243;][vc_separator type=&#8221;transparent&#8221; up=&#8221;7&#8243; down=&#8221;0&#8243;][vc_single_image image=&#8221;15679&#8243; img_size=&#8221;full&#8221; qode_css_animation=&#8221;&#8221;][vc_separator type=&#8221;transparent&#8221; up=&#8221;15&#8243; down=&#8221;0&#8243;][\/vc_column][vc_column width=&#8221;2\/3&#8243;][vc_column_text] Tietoa hinnoittelusta [\/vc_column_text][vc_separator type=&#8221;small&#8221; position=&#8221;left&#8221; up=&#8221;7&#8243; down=&#8221;34&#8243;][vc_column_text]Oheiset hintatiedot antavat k\u00e4sityksen tarjoamieni k\u00e4\u00e4nn\u00f6spalveluiden kustannuksista. Jokainen toimeksianto on kuitenkin yksil\u00f6llinen, ja t\u00e4ss\u00e4 esitetyt hintatiedot ovat suuntaa-antavia. Esimerkiksi...\" \/>\n<meta property=\"og:url\" content=\"https:\/\/finnishtranslations.com\/fi\/hinnasto\/\" \/>\n<meta property=\"og:site_name\" content=\"Finnish Translations\" \/>\n<meta property=\"article:modified_time\" content=\"2016-07-15T07:04:48+00:00\" \/>\n<meta name=\"twitter:card\" content=\"summary_large_image\" \/>\n<meta name=\"twitter:label1\" content=\"Arvioitu lukuaika\" \/>\n\t<meta name=\"twitter:data1\" content=\"4 minuuttia\" \/>\n<script type=\"application\/ld+json\" class=\"yoast-schema-graph\">{\"@context\":\"https:\\\/\\\/schema.org\",\"@graph\":[{\"@type\":\"WebPage\",\"@id\":\"https:\\\/\\\/finnishtranslations.com\\\/fi\\\/hinnasto\\\/\",\"url\":\"https:\\\/\\\/finnishtranslations.com\\\/fi\\\/hinnasto\\\/\",\"name\":\"Hinnasto - Finnish Translations\",\"isPartOf\":{\"@id\":\"https:\\\/\\\/finnishtranslations.com\\\/#website\"},\"datePublished\":\"2015-06-17T09:54:26+00:00\",\"dateModified\":\"2016-07-15T07:04:48+00:00\",\"breadcrumb\":{\"@id\":\"https:\\\/\\\/finnishtranslations.com\\\/fi\\\/hinnasto\\\/#breadcrumb\"},\"inLanguage\":\"fi\",\"potentialAction\":[{\"@type\":\"ReadAction\",\"target\":[\"https:\\\/\\\/finnishtranslations.com\\\/fi\\\/hinnasto\\\/\"]}]},{\"@type\":\"BreadcrumbList\",\"@id\":\"https:\\\/\\\/finnishtranslations.com\\\/fi\\\/hinnasto\\\/#breadcrumb\",\"itemListElement\":[{\"@type\":\"ListItem\",\"position\":1,\"name\":\"Etusivu\",\"item\":\"https:\\\/\\\/finnishtranslations.com\\\/fi\\\/\"},{\"@type\":\"ListItem\",\"position\":2,\"name\":\"Hinnasto\"}]},{\"@type\":\"WebSite\",\"@id\":\"https:\\\/\\\/finnishtranslations.com\\\/#website\",\"url\":\"https:\\\/\\\/finnishtranslations.com\\\/\",\"name\":\"Finnish Translations\",\"description\":\"PROFESSIONAL TRANSLATION AND LANGUAGE SERVICES\",\"potentialAction\":[{\"@type\":\"SearchAction\",\"target\":{\"@type\":\"EntryPoint\",\"urlTemplate\":\"https:\\\/\\\/finnishtranslations.com\\\/?s={search_term_string}\"},\"query-input\":{\"@type\":\"PropertyValueSpecification\",\"valueRequired\":true,\"valueName\":\"search_term_string\"}}],\"inLanguage\":\"fi\"}]}<\/script>\n<!-- \/ Yoast SEO plugin. -->","yoast_head_json":{"title":"Hinnasto - Finnish Translations","robots":{"index":"index","follow":"follow","max-snippet":"max-snippet:-1","max-image-preview":"max-image-preview:large","max-video-preview":"max-video-preview:-1"},"canonical":"https:\/\/finnishtranslations.com\/fi\/hinnasto\/","og_locale":"fi_FI","og_type":"article","og_title":"Hinnasto - Finnish Translations","og_description":"[vc_row row_type=&#8221;row&#8221; use_row_as_full_screen_section=&#8221;no&#8221; type=&#8221;grid&#8221; angled_section=&#8221;no&#8221; text_align=&#8221;left&#8221; background_image_as_pattern=&#8221;without_pattern&#8221; padding_top=&#8221;87&#8243; css_animation=&#8221;&#8221;][vc_column width=&#8221;1\/3&#8243;][vc_separator type=&#8221;transparent&#8221; up=&#8221;7&#8243; down=&#8221;0&#8243;][vc_single_image image=&#8221;15679&#8243; img_size=&#8221;full&#8221; qode_css_animation=&#8221;&#8221;][vc_separator type=&#8221;transparent&#8221; up=&#8221;15&#8243; down=&#8221;0&#8243;][\/vc_column][vc_column width=&#8221;2\/3&#8243;][vc_column_text] Tietoa hinnoittelusta [\/vc_column_text][vc_separator type=&#8221;small&#8221; position=&#8221;left&#8221; up=&#8221;7&#8243; down=&#8221;34&#8243;][vc_column_text]Oheiset hintatiedot antavat k\u00e4sityksen tarjoamieni k\u00e4\u00e4nn\u00f6spalveluiden kustannuksista. Jokainen toimeksianto on kuitenkin yksil\u00f6llinen, ja t\u00e4ss\u00e4 esitetyt hintatiedot ovat suuntaa-antavia. Esimerkiksi...","og_url":"https:\/\/finnishtranslations.com\/fi\/hinnasto\/","og_site_name":"Finnish Translations","article_modified_time":"2016-07-15T07:04:48+00:00","twitter_card":"summary_large_image","twitter_misc":{"Arvioitu lukuaika":"4 minuuttia"},"schema":{"@context":"https:\/\/schema.org","@graph":[{"@type":"WebPage","@id":"https:\/\/finnishtranslations.com\/fi\/hinnasto\/","url":"https:\/\/finnishtranslations.com\/fi\/hinnasto\/","name":"Hinnasto - Finnish Translations","isPartOf":{"@id":"https:\/\/finnishtranslations.com\/#website"},"datePublished":"2015-06-17T09:54:26+00:00","dateModified":"2016-07-15T07:04:48+00:00","breadcrumb":{"@id":"https:\/\/finnishtranslations.com\/fi\/hinnasto\/#breadcrumb"},"inLanguage":"fi","potentialAction":[{"@type":"ReadAction","target":["https:\/\/finnishtranslations.com\/fi\/hinnasto\/"]}]},{"@type":"BreadcrumbList","@id":"https:\/\/finnishtranslations.com\/fi\/hinnasto\/#breadcrumb","itemListElement":[{"@type":"ListItem","position":1,"name":"Etusivu","item":"https:\/\/finnishtranslations.com\/fi\/"},{"@type":"ListItem","position":2,"name":"Hinnasto"}]},{"@type":"WebSite","@id":"https:\/\/finnishtranslations.com\/#website","url":"https:\/\/finnishtranslations.com\/","name":"Finnish Translations","description":"PROFESSIONAL TRANSLATION AND LANGUAGE SERVICES","potentialAction":[{"@type":"SearchAction","target":{"@type":"EntryPoint","urlTemplate":"https:\/\/finnishtranslations.com\/?s={search_term_string}"},"query-input":{"@type":"PropertyValueSpecification","valueRequired":true,"valueName":"search_term_string"}}],"inLanguage":"fi"}]}},"_links":{"self":[{"href":"https:\/\/finnishtranslations.com\/fi\/wp-json\/wp\/v2\/pages\/15596","targetHints":{"allow":["GET"]}}],"collection":[{"href":"https:\/\/finnishtranslations.com\/fi\/wp-json\/wp\/v2\/pages"}],"about":[{"href":"https:\/\/finnishtranslations.com\/fi\/wp-json\/wp\/v2\/types\/page"}],"author":[{"embeddable":true,"href":"https:\/\/finnishtranslations.com\/fi\/wp-json\/wp\/v2\/users\/1"}],"replies":[{"embeddable":true,"href":"https:\/\/finnishtranslations.com\/fi\/wp-json\/wp\/v2\/comments?post=15596"}],"version-history":[{"count":0,"href":"https:\/\/finnishtranslations.com\/fi\/wp-json\/wp\/v2\/pages\/15596\/revisions"}],"wp:attachment":[{"href":"https:\/\/finnishtranslations.com\/fi\/wp-json\/wp\/v2\/media?parent=15596"}],"curies":[{"name":"wp","href":"https:\/\/api.w.org\/{rel}","templated":true}]}}