{"id":14869,"date":"2014-05-20T07:51:11","date_gmt":"2014-05-20T04:51:11","guid":{"rendered":"http:\/\/demo.qodeinteractive.com\/bridge11\/?page_id=14869"},"modified":"2017-12-13T22:10:08","modified_gmt":"2017-12-13T20:10:08","slug":"etusivu","status":"publish","type":"page","link":"https:\/\/finnishtranslations.com\/fi\/","title":{"rendered":"Etusivu"},"content":{"rendered":"<div class=\"wpb-content-wrapper\"><p>[vc_row css_animation=&#8221;&#8221; row_type=&#8221;row&#8221; use_row_as_full_screen_section=&#8221;no&#8221; type=&#8221;full_width&#8221; angled_section=&#8221;no&#8221; text_align=&#8221;left&#8221; background_image_as_pattern=&#8221;without_pattern&#8221; background_color=&#8221;#ffffff&#8221;][vc_column][vc_empty_space height=&#8221;125px&#8221;][qode_elements_holder background_color=&#8221;#ffffff&#8221; number_of_columns=&#8221;two_columns&#8221;][qode_elements_holder_item advanced_animations=&#8221;no&#8221;][vc_single_image image=&#8221;16108&#8243; img_size=&#8221;full&#8221; qode_css_animation=&#8221;&#8221;][\/qode_elements_holder_item][qode_elements_holder_item item_padding=&#8221;5% 5% 5% 5%&#8221; advanced_animations=&#8221;no&#8221;][vc_column_text]<\/p>\n<h1><span style=\"color: #f96021;\">K\u00c4\u00c4NN\u00d6SPALVELU<br \/>\n<\/span><\/h1>\n<p>[\/vc_column_text][vc_column_text]<\/p>\n<h1><span style=\"color: #f96021;\">FINNISH TRANSLATIONS<\/span><\/h1>\n<p>[\/vc_column_text][vc_separator type=&#8221;small&#8221; position=&#8221;left&#8221; color=&#8221;#c2e6e9&#8243; up=&#8221;25&#8243; down=&#8221;25&#8243;][vc_column_text]<\/p>\n<h2>SUOMI-ENGLANTI-SUOMI<\/h2>\n<h2>SAKSA-SUOMI | RUOTSI-SUOMI<\/h2>\n<p>[\/vc_column_text][vc_separator type=&#8221;transparent&#8221; down=&#8221;35&#8243;]<a  itemprop=\"url\" href=\"\/fi\/services\/\" target=\"_self\"  class=\"qbutton  large default\" style=\"margin: 1px 25px 1px 1px; \">PALVELUT<\/a><a  itemprop=\"url\" href=\"\/fi\/tarjouspyyntoe\/\" target=\"_self\"  class=\"qbutton  large center default\" style=\"\">TARJOUSPYYNT\u00d6<\/a>[\/qode_elements_holder_item][\/qode_elements_holder][\/vc_column][\/vc_row][vc_row css_animation=&#8221;&#8221; row_type=&#8221;row&#8221; use_row_as_full_screen_section=&#8221;no&#8221; type=&#8221;full_width&#8221; anchor=&#8221;down&#8221; angled_section=&#8221;no&#8221; text_align=&#8221;left&#8221; background_image_as_pattern=&#8221;without_pattern&#8221; background_color=&#8221;#c2e6e9&#8243; padding_top=&#8221;80&#8243; padding_bottom=&#8221;80&#8243; el_class=&#8221;eka-rivi&#8221;][vc_column][vc_row_inner row_type=&#8221;row&#8221; type=&#8221;grid&#8221; text_align=&#8221;left&#8221; css_animation=&#8221;&#8221;][vc_column_inner]<div class=\"call_to_action normal\" style=\"background-color: #c2e6e9;padding-top: 56px;padding-bottom: 66px;\"><div class=\"container_inner\"><div class=\"two_columns_75_25 clearfix\"><div class=\"text_wrapper column1\"><div class=\"call_to_action_text  font_size_inherit font_weight_inherit\" style=\"font-size:18px;font-weight: 400;\">\n<h3><strong>Osuvaa, selke\u00e4\u00e4 ja oivaltavaa k\u00e4\u00e4nn\u00f6sviestint\u00e4\u00e4 asiakkaan tarpeisiin<\/strong><\/h3>\n<p>&nbsp;<\/p>\n<p><span style=\"color: #333333\">Millaisen mielikuvan yrityksest\u00e4si tai organisaatiostasi haluat viestinn\u00e4ll\u00e4si v\u00e4litt\u00e4\u00e4 lukijalle? Mit\u00e4 toimintaa odotat kohdeyleis\u00f6lt\u00e4si? Teht\u00e4v\u00e4ni on tarjota juuri sinun tavoitteitasi ja p\u00e4\u00e4m\u00e4\u00e4ri\u00e4si parhaalla mahdollisella tavalla tukevia k\u00e4\u00e4nn\u00f6s- ja kielipalveluja ja varmistaa, ett\u00e4 k\u00e4\u00e4nn\u00f6kset puhuttelevat kohdeyleis\u00f6\u00e4\u00e4n yht\u00e4 tehokkaasti kuin alkuper\u00e4istekstit ja edist\u00e4v\u00e4t tuotteesi, palvelusi tai edustamasi aatteen tunnettuutta.<\/span><\/div><\/div><div class=\"button_wrapper column2\"><a itemprop=\"url\" href=\"\/fi\/free-quote\/\" class=\"qbutton white \" target=\"\" style=\"color: #2b2b2b;border-color: #2b2b2b;\" data-hover-border-color=#2b2b2b data-hover-color=#ffffff>Pyyd\u00e4 tarjous t\u00e4st\u00e4<\/a><\/div><\/div><\/div><\/div>[\/vc_column_inner][\/vc_row_inner][\/vc_column][\/vc_row][vc_row css_animation=&#8221;&#8221; row_type=&#8221;row&#8221; use_row_as_full_screen_section=&#8221;no&#8221; type=&#8221;full_width&#8221; angled_section=&#8221;no&#8221; text_align=&#8221;left&#8221; background_image_as_pattern=&#8221;without_pattern&#8221; css=&#8221;.vc_custom_1439896145384{padding-top: 35px !important;padding-bottom: 35px !important;}&#8221;][vc_column][vc_column_text]<\/p>\n<h1 style=\"text-align: center;\">Erikoisalat<\/h1>\n<p>[\/vc_column_text][\/vc_column][\/vc_row][vc_row css_animation=&#8221;&#8221; row_type=&#8221;row&#8221; use_row_as_full_screen_section=&#8221;no&#8221; type=&#8221;grid&#8221; angled_section=&#8221;no&#8221; text_align=&#8221;left&#8221; background_image_as_pattern=&#8221;without_pattern&#8221; background_color=&#8221;#f8f8f8&#8243; padding_bottom=&#8221;35&#8243; css=&#8221;.vc_custom_1439894481080{padding-top: 60px !important;}&#8221;][vc_column][vc_row_inner row_type=&#8221;row&#8221; type=&#8221;full_width&#8221; text_align=&#8221;left&#8221; css_animation=&#8221;&#8221;][vc_column_inner width=&#8221;1\/4&#8243;]<div class='q_icon_with_title very_large circle center '><div class=\"icon_holder \" style=\"margin: 0px 0px 32px 0px; \"><span data-icon-type=\"circle\" class=\"qode_iwt_icon_holder fa-stack fa-5x  \" style=\"font-size: 72px;border-color: #c2e6e9\"><i class=\"qode_icon_font_awesome fa fa-line-chart qode_iwt_icon_element\" style=\"font-size: 40px;color: #f96021\"><\/i><\/span><\/div><div class=\"icon_text_holder\" style=\"\"><div class=\"icon_text_inner\" style=\"\"><h5 class=\"icon_title\" style=\"\">Markkinointi ja viestint\u00e4<\/h5><p style=''><\/p><\/div><\/div><\/div>[vc_separator type=&#8221;transparent&#8221; up=&#8221;24&#8243; down=&#8221;0&#8243;][\/vc_column_inner][vc_column_inner width=&#8221;1\/4&#8243;]<div class='q_icon_with_title very_large circle center '><div class=\"icon_holder \" style=\"margin: 0px 0px 32px 0px; \"><span data-icon-type=\"circle\" class=\"qode_iwt_icon_holder fa-stack fa-5x  \" style=\"font-size: 72px;border-color: #c2e6e9\"><i class=\"qode_icon_font_awesome fa fa-paint-brush qode_iwt_icon_element\" style=\"font-size: 40px;color: #f96021\"><\/i><\/span><\/div><div class=\"icon_text_holder\" style=\"\"><div class=\"icon_text_inner\" style=\"\"><h5 class=\"icon_title\" style=\"\">Taide ja kulttuuri<\/h5><p style=''><\/p><\/div><\/div><\/div>[vc_separator type=&#8221;transparent&#8221; up=&#8221;24&#8243; down=&#8221;0&#8243;][\/vc_column_inner][vc_column_inner width=&#8221;1\/4&#8243;]<div class='q_icon_with_title very_large circle center '><div class=\"icon_holder \" style=\"margin: 0px 0px 32px 0px; \"><span data-icon-type=\"circle\" class=\"qode_iwt_icon_holder fa-stack fa-5x  \" style=\"font-size: 72px;border-color: #c2e6e9\"><i class=\"qode_icon_font_awesome fa fa-pencil qode_iwt_icon_element\" style=\"font-size: 40px;color: #f96021\"><\/i><\/span><\/div><div class=\"icon_text_holder\" style=\"\"><div class=\"icon_text_inner\" style=\"\"><h5 class=\"icon_title\" style=\"\">Tietokirjallisuus, tieteelliset tekstit<\/h5><p style=''><\/p><\/div><\/div><\/div>[vc_separator type=&#8221;transparent&#8221; up=&#8221;24&#8243; down=&#8221;0&#8243;][\/vc_column_inner][vc_column_inner width=&#8221;1\/4&#8243;]<div class='q_icon_with_title very_large circle center '><div class=\"icon_holder \" style=\"margin: 0px 0px 32px 0px; \"><span data-icon-type=\"circle\" class=\"qode_iwt_icon_holder fa-stack fa-5x  \" style=\"font-size: 72px;border-color: #c2e6e9\"><i class=\"qode_icon_font_awesome fa fa-graduation-cap qode_iwt_icon_element\" style=\"font-size: 40px;color: #f96021\"><\/i><\/span><\/div><div class=\"icon_text_holder\" style=\"\"><div class=\"icon_text_inner\" style=\"\"><h5 class=\"icon_title\" style=\"\">Koulutus ja henkil\u00f6kohtainen kehitys<\/h5><p style=''><\/p><\/div><\/div><\/div>[vc_separator type=&#8221;transparent&#8221; up=&#8221;24&#8243; down=&#8221;0&#8243;][\/vc_column_inner][\/vc_row_inner][\/vc_column][\/vc_row][vc_row css_animation=&#8221;&#8221; row_type=&#8221;row&#8221; use_row_as_full_screen_section=&#8221;no&#8221; type=&#8221;grid&#8221; angled_section=&#8221;no&#8221; text_align=&#8221;left&#8221; background_image_as_pattern=&#8221;without_pattern&#8221; background_color=&#8221;#f8f8f8&#8243; padding_bottom=&#8221;50&#8243;][vc_column][vc_row_inner row_type=&#8221;row&#8221; type=&#8221;full_width&#8221; text_align=&#8221;left&#8221; css_animation=&#8221;&#8221;][vc_column_inner width=&#8221;1\/4&#8243;]<div class='q_icon_with_title very_large circle center '><div class=\"icon_holder \" style=\"margin: 0px 0px 32px 0px; \"><span data-icon-type=\"circle\" class=\"qode_iwt_icon_holder fa-stack fa-5x  \" style=\"font-size: 72px;border-color: #c2e6e9\"><i class=\"qode_icon_font_awesome fa fa-desktop qode_iwt_icon_element\" style=\"font-size: 40px;color: #f96021\"><\/i><\/span><\/div><div class=\"icon_text_holder\" style=\"\"><div class=\"icon_text_inner\" style=\"\"><h5 class=\"icon_title\" style=\"\">Multimedia, pelit ja viihde<\/h5><p style=''><\/p><\/div><\/div><\/div>[vc_separator type=&#8221;transparent&#8221; up=&#8221;24&#8243; down=&#8221;0&#8243;][\/vc_column_inner][vc_column_inner width=&#8221;1\/4&#8243;]<div class='q_icon_with_title very_large circle center '><div class=\"icon_holder \" style=\"margin: 0px 0px 32px 0px; \"><span data-icon-type=\"circle\" class=\"qode_iwt_icon_holder fa-stack fa-5x  \" style=\"font-size: 72px;border-color: #c2e6e9\"><i class=\"qode_icon_font_awesome fa fa-cloud qode_iwt_icon_element\" style=\"font-size: 40px;color: #f96021\"><\/i><\/span><\/div><div class=\"icon_text_holder\" style=\"\"><div class=\"icon_text_inner\" style=\"\"><h5 class=\"icon_title\" style=\"\">Ekologia ja ymp\u00e4rist\u00f6<\/h5><p style=''><\/p><\/div><\/div><\/div>[vc_separator type=&#8221;transparent&#8221; up=&#8221;24&#8243; down=&#8221;0&#8243;][\/vc_column_inner][vc_column_inner width=&#8221;1\/4&#8243;]<div class='q_icon_with_title very_large circle center '><div class=\"icon_holder \" style=\"margin: 0px 0px 32px 0px; \"><span data-icon-type=\"circle\" class=\"qode_iwt_icon_holder fa-stack fa-5x  \" style=\"font-size: 72px;border-color: #c2e6e9\"><i class=\"qode_icon_font_awesome fa fa-plane qode_iwt_icon_element\" style=\"font-size: 40px;color: #f96021\"><\/i><\/span><\/div><div class=\"icon_text_holder\" style=\"\"><div class=\"icon_text_inner\" style=\"\"><h5 class=\"icon_title\" style=\"\">Matkailu ja turismi<\/h5><p style=''><\/p><\/div><\/div><\/div>[vc_separator type=&#8221;transparent&#8221; up=&#8221;24&#8243; down=&#8221;0&#8243;][\/vc_column_inner][vc_column_inner width=&#8221;1\/4&#8243;]<div class='q_icon_with_title very_large circle center '><div class=\"icon_holder \" style=\"margin: 0px 0px 32px 0px; \"><span data-icon-type=\"circle\" class=\"qode_iwt_icon_holder fa-stack fa-5x  \" style=\"font-size: 72px;border-color: #c2e6e9\"><i class=\"qode_icon_font_awesome fa fa-flask qode_iwt_icon_element\" style=\"font-size: 40px;color: #f96021\"><\/i><\/span><\/div><div class=\"icon_text_holder\" style=\"\"><div class=\"icon_text_inner\" style=\"\"><h5 class=\"icon_title\" style=\"\">Tiede ja teknologia<\/h5><p style=''><\/p><\/div><\/div><\/div>[vc_separator type=&#8221;transparent&#8221; up=&#8221;24&#8243; down=&#8221;0&#8243;][\/vc_column_inner][\/vc_row_inner][\/vc_column][\/vc_row]<\/p>\n<\/div>","protected":false},"excerpt":{"rendered":"<p>[vc_row css_animation=&#8221;&#8221; row_type=&#8221;row&#8221; use_row_as_full_screen_section=&#8221;no&#8221; type=&#8221;full_width&#8221; angled_section=&#8221;no&#8221; text_align=&#8221;left&#8221; background_image_as_pattern=&#8221;without_pattern&#8221; background_color=&#8221;#ffffff&#8221;][vc_column][vc_empty_space height=&#8221;125px&#8221;][qode_elements_holder background_color=&#8221;#ffffff&#8221; number_of_columns=&#8221;two_columns&#8221;][qode_elements_holder_item advanced_animations=&#8221;no&#8221;][vc_single_image image=&#8221;16108&#8243; img_size=&#8221;full&#8221; qode_css_animation=&#8221;&#8221;][\/qode_elements_holder_item][qode_elements_holder_item item_padding=&#8221;5% 5% 5% 5%&#8221; advanced_animations=&#8221;no&#8221;][vc_column_text] K\u00c4\u00c4NN\u00d6SPALVELU [\/vc_column_text][vc_column_text] FINNISH TRANSLATIONS [\/vc_column_text][vc_separator type=&#8221;small&#8221; position=&#8221;left&#8221; color=&#8221;#c2e6e9&#8243; up=&#8221;25&#8243; down=&#8221;25&#8243;][vc_column_text] SUOMI-ENGLANTI-SUOMI SAKSA-SUOMI | RUOTSI-SUOMI [\/vc_column_text][vc_separator type=&#8221;transparent&#8221; down=&#8221;35&#8243;][\/qode_elements_holder_item][\/qode_elements_holder][\/vc_column][\/vc_row][vc_row css_animation=&#8221;&#8221; row_type=&#8221;row&#8221; use_row_as_full_screen_section=&#8221;no&#8221; type=&#8221;full_width&#8221; anchor=&#8221;down&#8221; angled_section=&#8221;no&#8221; text_align=&#8221;left&#8221;&#8230;<\/p>\n","protected":false},"author":1,"featured_media":0,"parent":0,"menu_order":0,"comment_status":"open","ping_status":"closed","template":"full_width.php","meta":{"footnotes":""},"class_list":["post-14869","page","type-page","status-publish","hentry"],"yoast_head":"<!-- This site is optimized with the Yoast SEO plugin v27.4 - https:\/\/yoast.com\/product\/yoast-seo-wordpress\/ -->\n<title>Finnish Translations professional language services<\/title>\n<meta name=\"description\" content=\"Translation and language professional services in Finnish, English and German | Marketing | technology | travel | tourism | education | Culture\" \/>\n<meta name=\"robots\" content=\"index, follow, max-snippet:-1, max-image-preview:large, max-video-preview:-1\" \/>\n<link rel=\"canonical\" href=\"https:\/\/finnishtranslations.com\/fi\/\" \/>\n<meta property=\"og:locale\" content=\"fi_FI\" \/>\n<meta property=\"og:type\" content=\"article\" \/>\n<meta property=\"og:title\" content=\"Finnish Translations professional language services\" \/>\n<meta property=\"og:description\" content=\"Translation and language professional services in Finnish, English and German | Marketing | technology | travel | tourism | education | Culture\" \/>\n<meta property=\"og:url\" content=\"https:\/\/finnishtranslations.com\/fi\/\" \/>\n<meta property=\"og:site_name\" content=\"Finnish Translations\" \/>\n<meta property=\"article:modified_time\" content=\"2017-12-13T20:10:08+00:00\" \/>\n<meta name=\"twitter:card\" content=\"summary_large_image\" \/>\n<meta name=\"twitter:label1\" content=\"Arvioitu lukuaika\" \/>\n\t<meta name=\"twitter:data1\" content=\"5 minuuttia\" \/>\n<script type=\"application\/ld+json\" class=\"yoast-schema-graph\">{\"@context\":\"https:\\\/\\\/schema.org\",\"@graph\":[{\"@type\":\"WebPage\",\"@id\":\"https:\\\/\\\/finnishtranslations.com\\\/fi\\\/\",\"url\":\"https:\\\/\\\/finnishtranslations.com\\\/fi\\\/\",\"name\":\"Finnish Translations professional language services\",\"isPartOf\":{\"@id\":\"https:\\\/\\\/finnishtranslations.com\\\/#website\"},\"datePublished\":\"2014-05-20T04:51:11+00:00\",\"dateModified\":\"2017-12-13T20:10:08+00:00\",\"description\":\"Translation and language professional services in Finnish, English and German | Marketing | technology | travel | tourism | education | Culture\",\"breadcrumb\":{\"@id\":\"https:\\\/\\\/finnishtranslations.com\\\/fi\\\/#breadcrumb\"},\"inLanguage\":\"fi\",\"potentialAction\":[{\"@type\":\"ReadAction\",\"target\":[\"https:\\\/\\\/finnishtranslations.com\\\/fi\\\/\"]}]},{\"@type\":\"BreadcrumbList\",\"@id\":\"https:\\\/\\\/finnishtranslations.com\\\/fi\\\/#breadcrumb\",\"itemListElement\":[{\"@type\":\"ListItem\",\"position\":1,\"name\":\"Etusivu\",\"item\":\"https:\\\/\\\/finnishtranslations.com\\\/fi\\\/\"},{\"@type\":\"ListItem\",\"position\":2,\"name\":\"Etusivu\"}]},{\"@type\":\"WebSite\",\"@id\":\"https:\\\/\\\/finnishtranslations.com\\\/#website\",\"url\":\"https:\\\/\\\/finnishtranslations.com\\\/\",\"name\":\"Finnish Translations\",\"description\":\"PROFESSIONAL TRANSLATION AND LANGUAGE SERVICES\",\"potentialAction\":[{\"@type\":\"SearchAction\",\"target\":{\"@type\":\"EntryPoint\",\"urlTemplate\":\"https:\\\/\\\/finnishtranslations.com\\\/?s={search_term_string}\"},\"query-input\":{\"@type\":\"PropertyValueSpecification\",\"valueRequired\":true,\"valueName\":\"search_term_string\"}}],\"inLanguage\":\"fi\"}]}<\/script>\n<!-- \/ Yoast SEO plugin. -->","yoast_head_json":{"title":"Finnish Translations professional language services","description":"Translation and language professional services in Finnish, English and German | Marketing | technology | travel | tourism | education | Culture","robots":{"index":"index","follow":"follow","max-snippet":"max-snippet:-1","max-image-preview":"max-image-preview:large","max-video-preview":"max-video-preview:-1"},"canonical":"https:\/\/finnishtranslations.com\/fi\/","og_locale":"fi_FI","og_type":"article","og_title":"Finnish Translations professional language services","og_description":"Translation and language professional services in Finnish, English and German | Marketing | technology | travel | tourism | education | Culture","og_url":"https:\/\/finnishtranslations.com\/fi\/","og_site_name":"Finnish Translations","article_modified_time":"2017-12-13T20:10:08+00:00","twitter_card":"summary_large_image","twitter_misc":{"Arvioitu lukuaika":"5 minuuttia"},"schema":{"@context":"https:\/\/schema.org","@graph":[{"@type":"WebPage","@id":"https:\/\/finnishtranslations.com\/fi\/","url":"https:\/\/finnishtranslations.com\/fi\/","name":"Finnish Translations professional language services","isPartOf":{"@id":"https:\/\/finnishtranslations.com\/#website"},"datePublished":"2014-05-20T04:51:11+00:00","dateModified":"2017-12-13T20:10:08+00:00","description":"Translation and language professional services in Finnish, English and German | Marketing | technology | travel | tourism | education | Culture","breadcrumb":{"@id":"https:\/\/finnishtranslations.com\/fi\/#breadcrumb"},"inLanguage":"fi","potentialAction":[{"@type":"ReadAction","target":["https:\/\/finnishtranslations.com\/fi\/"]}]},{"@type":"BreadcrumbList","@id":"https:\/\/finnishtranslations.com\/fi\/#breadcrumb","itemListElement":[{"@type":"ListItem","position":1,"name":"Etusivu","item":"https:\/\/finnishtranslations.com\/fi\/"},{"@type":"ListItem","position":2,"name":"Etusivu"}]},{"@type":"WebSite","@id":"https:\/\/finnishtranslations.com\/#website","url":"https:\/\/finnishtranslations.com\/","name":"Finnish Translations","description":"PROFESSIONAL TRANSLATION AND LANGUAGE SERVICES","potentialAction":[{"@type":"SearchAction","target":{"@type":"EntryPoint","urlTemplate":"https:\/\/finnishtranslations.com\/?s={search_term_string}"},"query-input":{"@type":"PropertyValueSpecification","valueRequired":true,"valueName":"search_term_string"}}],"inLanguage":"fi"}]}},"_links":{"self":[{"href":"https:\/\/finnishtranslations.com\/fi\/wp-json\/wp\/v2\/pages\/14869","targetHints":{"allow":["GET"]}}],"collection":[{"href":"https:\/\/finnishtranslations.com\/fi\/wp-json\/wp\/v2\/pages"}],"about":[{"href":"https:\/\/finnishtranslations.com\/fi\/wp-json\/wp\/v2\/types\/page"}],"author":[{"embeddable":true,"href":"https:\/\/finnishtranslations.com\/fi\/wp-json\/wp\/v2\/users\/1"}],"replies":[{"embeddable":true,"href":"https:\/\/finnishtranslations.com\/fi\/wp-json\/wp\/v2\/comments?post=14869"}],"version-history":[{"count":3,"href":"https:\/\/finnishtranslations.com\/fi\/wp-json\/wp\/v2\/pages\/14869\/revisions"}],"predecessor-version":[{"id":16156,"href":"https:\/\/finnishtranslations.com\/fi\/wp-json\/wp\/v2\/pages\/14869\/revisions\/16156"}],"wp:attachment":[{"href":"https:\/\/finnishtranslations.com\/fi\/wp-json\/wp\/v2\/media?parent=14869"}],"curies":[{"name":"wp","href":"https:\/\/api.w.org\/{rel}","templated":true}]}}