{"id":16015,"date":"2016-05-17T09:22:23","date_gmt":"2016-05-17T06:22:23","guid":{"rendered":"https:\/\/finnishtranslations.com\/?page_id=16015&#038;lang=de"},"modified":"2017-12-17T14:25:58","modified_gmt":"2017-12-17T12:25:58","slug":"about-me","status":"publish","type":"page","link":"https:\/\/finnishtranslations.com\/de\/about-me\/","title":{"rendered":"\u00dcber mich"},"content":{"rendered":"<div class=\"wpb-content-wrapper\"><p>[vc_row css_animation=&#8221;&#8221; row_type=&#8221;row&#8221; use_row_as_full_screen_section=&#8221;no&#8221; type=&#8221;full_width&#8221; angled_section=&#8221;no&#8221; text_align=&#8221;left&#8221; background_image_as_pattern=&#8221;without_pattern&#8221; css=&#8221;.vc_custom_1439898494933{padding-top: 60px !important;padding-right: 15% !important;padding-bottom: 60px !important;padding-left: 10% !important;}&#8221;][vc_column width=&#8221;1\/2&#8243;][vc_single_image image=&#8221;15679&#8243; img_size=&#8221;full&#8221; alignment=&#8221;center&#8221; qode_css_animation=&#8221;element_from_bottom&#8221; transition_delay=&#8221;1&#8243;][\/vc_column][vc_column width=&#8221;1\/2&#8243;]<div class=\"custom_font_holder \" style=\"font-family: Montserrat; font-style: normal; font-weight: 700; color: #2b2b2b; text-decoration: none; text-align: left; --qode-cf-font-size: 35px; --qode-cf-line-height: 40px; --qode-cf-font-size-1440: 35px; --qode-cf-line-height-1440: 40px; --qode-cf-font-size-1366: 35px; --qode-cf-line-height-1366: 40px; --qode-cf-font-size-1280: 35px; --qode-cf-line-height-1280: 40px; --qode-cf-font-size-1024: 35px; --qode-cf-line-height-1024: 40px; --qode-cf-font-size-768: 35px; --qode-cf-line-height-768: 40px; --qode-cf-font-size-680: 35px; --qode-cf-line-height-680: 40px; --qode-cf-font-size-480: 35px; --qode-cf-line-height-480: 40px;\">\n<p>Sari Kokkola<\/p>\n<\/div>[vc_empty_space][vc_column_text]Ich bin eine freiberufliche \u00dcbersetzungs- und Sprachdienstleisterin mit \u00fcber 13 Jahren Erfahrung in der Sprachindustrie. Meine Muttersprache ist Finnisch und meine Arbeitssprachen sind Englisch, Deutsch und Schwedisch. Als freiberufliche \u00dcbersetzerin biete ich Ihnen \u00dcbersetzungsdienste in den Sprachkombinationen Finnisch-Englisch-Finnisch, Deutsch-Finnisch und Schwedisch-Finnisch, insbesondere auf folgenden Fachgebieten: Marketing, wissenschaftliche Kommunikation, \u00d6kologie und Umwelt, Medienkultur, Kunst, Wissenschaft und Technik sowie Bildung.<\/p>\n<p>&nbsp;<\/p>\n<p>Ich habe\u00a0\u00dcbersetzungswissenschaft an der Universit\u00e4t Tampere in Finnland studiert (Abschluss Master of Arts in 2003). Von 2003 bis 2012 habe ich in Berlin in Deutschland gelebt und gearbeitet und zurzeit bin ich in Z\u00fcrich in der Schweiz ans\u00e4ssig.<\/p>\n<p>&nbsp;<\/p>\n<p>Mir ist es wichtig, dass meine \u00dcbersetzungen pr\u00e4zise sind, jederzeit ihren Zweck erf\u00fcllen und erfolgreich Ihre Unternehmensphilosophie, Strategie und Ihr Markenimage vermitteln. Ich bin dienstleistungsorientiert und m\u00f6chte immer einen Schritt weiter gehen, um genau die Worte zu finden, die Ihre Zielgruppe optimal ansprechen.<\/p>\n<p>&nbsp;<\/p>\n<p>Qualit\u00e4t und Kundenzufriedenheit sind mein Antrieb. Hier k\u00f6nnen Sie einige Beispiele meiner Arbeit ansehen und lesen, was meine Kunden \u00fcber die Zusammenarbeit mit mir sagen:<\/p>\n<p>&nbsp;<\/p>\n<p><a href=\"\/work-examples\/\">Beispiele meiner Arbeit<\/a><\/p>\n<p>&nbsp;<\/p>\n<p><a href=\"\/testimonials\/\">Kundenfeedback<\/a>[\/vc_column_text][\/vc_column][\/vc_row]<\/p>\n<\/div>","protected":false},"excerpt":{"rendered":"<p>[vc_row css_animation=&#8221;&#8221; row_type=&#8221;row&#8221; use_row_as_full_screen_section=&#8221;no&#8221; type=&#8221;full_width&#8221; angled_section=&#8221;no&#8221; text_align=&#8221;left&#8221; background_image_as_pattern=&#8221;without_pattern&#8221; css=&#8221;.vc_custom_1439898494933{padding-top: 60px !important;padding-right: 15% !important;padding-bottom: 60px !important;padding-left: 10% !important;}&#8221;][vc_column width=&#8221;1\/2&#8243;][vc_single_image image=&#8221;15679&#8243; img_size=&#8221;full&#8221; alignment=&#8221;center&#8221; qode_css_animation=&#8221;element_from_bottom&#8221; transition_delay=&#8221;1&#8243;][\/vc_column][vc_column width=&#8221;1\/2&#8243;][vc_empty_space][vc_column_text]Ich bin eine freiberufliche \u00dcbersetzungs- und Sprachdienstleisterin mit \u00fcber 13 Jahren Erfahrung in der Sprachindustrie. Meine Muttersprache ist Finnisch und meine Arbeitssprachen&#8230;<\/p>\n","protected":false},"author":2,"featured_media":0,"parent":0,"menu_order":0,"comment_status":"open","ping_status":"closed","template":"full_width.php","meta":{"rs_blank_template":"","rs_page_bg_color":"","slide_template_v7":"","footnotes":""},"class_list":["post-16015","page","type-page","status-publish","hentry"],"yoast_head":"<!-- This site is optimized with the Yoast SEO plugin v27.6 - https:\/\/yoast.com\/product\/yoast-seo-wordpress\/ -->\n<title>\u00dcber mich - Finnish Translations<\/title>\n<meta name=\"robots\" content=\"index, follow, max-snippet:-1, max-image-preview:large, max-video-preview:-1\" \/>\n<link rel=\"canonical\" href=\"https:\/\/finnishtranslations.com\/de\/about-me\/\" \/>\n<meta property=\"og:locale\" content=\"de_DE\" \/>\n<meta property=\"og:type\" content=\"article\" \/>\n<meta property=\"og:title\" content=\"\u00dcber mich - Finnish Translations\" \/>\n<meta property=\"og:description\" content=\"[vc_row css_animation=&#8221;&#8221; row_type=&#8221;row&#8221; use_row_as_full_screen_section=&#8221;no&#8221; type=&#8221;full_width&#8221; angled_section=&#8221;no&#8221; text_align=&#8221;left&#8221; background_image_as_pattern=&#8221;without_pattern&#8221; css=&#8221;.vc_custom_1439898494933{padding-top: 60px !important;padding-right: 15% !important;padding-bottom: 60px !important;padding-left: 10% !important;}&#8221;][vc_column width=&#8221;1\/2&#8243;][vc_single_image image=&#8221;15679&#8243; img_size=&#8221;full&#8221; alignment=&#8221;center&#8221; qode_css_animation=&#8221;element_from_bottom&#8221; transition_delay=&#8221;1&#8243;][\/vc_column][vc_column width=&#8221;1\/2&#8243;][vc_empty_space][vc_column_text]Ich bin eine freiberufliche \u00dcbersetzungs- und Sprachdienstleisterin mit \u00fcber 13 Jahren Erfahrung in der Sprachindustrie. Meine Muttersprache ist Finnisch und meine Arbeitssprachen...\" \/>\n<meta property=\"og:url\" content=\"https:\/\/finnishtranslations.com\/de\/about-me\/\" \/>\n<meta property=\"og:site_name\" content=\"Finnish Translations\" \/>\n<meta property=\"article:modified_time\" content=\"2017-12-17T12:25:58+00:00\" \/>\n<meta name=\"twitter:card\" content=\"summary_large_image\" \/>\n<meta name=\"twitter:label1\" content=\"Est. reading time\" \/>\n\t<meta name=\"twitter:data1\" content=\"1 minute\" \/>\n<script type=\"application\/ld+json\" class=\"yoast-schema-graph\">{\"@context\":\"https:\\\/\\\/schema.org\",\"@graph\":[{\"@type\":\"WebPage\",\"@id\":\"https:\\\/\\\/finnishtranslations.com\\\/de\\\/about-me\\\/\",\"url\":\"https:\\\/\\\/finnishtranslations.com\\\/de\\\/about-me\\\/\",\"name\":\"\u00dcber mich - Finnish Translations\",\"isPartOf\":{\"@id\":\"https:\\\/\\\/finnishtranslations.com\\\/#website\"},\"datePublished\":\"2016-05-17T06:22:23+00:00\",\"dateModified\":\"2017-12-17T12:25:58+00:00\",\"breadcrumb\":{\"@id\":\"https:\\\/\\\/finnishtranslations.com\\\/de\\\/about-me\\\/#breadcrumb\"},\"inLanguage\":\"de-DE\",\"potentialAction\":[{\"@type\":\"ReadAction\",\"target\":[\"https:\\\/\\\/finnishtranslations.com\\\/de\\\/about-me\\\/\"]}]},{\"@type\":\"BreadcrumbList\",\"@id\":\"https:\\\/\\\/finnishtranslations.com\\\/de\\\/about-me\\\/#breadcrumb\",\"itemListElement\":[{\"@type\":\"ListItem\",\"position\":1,\"name\":\"Etusivu\",\"item\":\"https:\\\/\\\/finnishtranslations.com\\\/de\\\/\"},{\"@type\":\"ListItem\",\"position\":2,\"name\":\"\u00dcber mich\"}]},{\"@type\":\"WebSite\",\"@id\":\"https:\\\/\\\/finnishtranslations.com\\\/#website\",\"url\":\"https:\\\/\\\/finnishtranslations.com\\\/\",\"name\":\"Finnish Translations\",\"description\":\"PROFESSIONAL TRANSLATION AND LANGUAGE SERVICES\",\"potentialAction\":[{\"@type\":\"SearchAction\",\"target\":{\"@type\":\"EntryPoint\",\"urlTemplate\":\"https:\\\/\\\/finnishtranslations.com\\\/?s={search_term_string}\"},\"query-input\":{\"@type\":\"PropertyValueSpecification\",\"valueRequired\":true,\"valueName\":\"search_term_string\"}}],\"inLanguage\":\"de-DE\"}]}<\/script>\n<!-- \/ Yoast SEO plugin. -->","yoast_head_json":{"title":"\u00dcber mich - Finnish Translations","robots":{"index":"index","follow":"follow","max-snippet":"max-snippet:-1","max-image-preview":"max-image-preview:large","max-video-preview":"max-video-preview:-1"},"canonical":"https:\/\/finnishtranslations.com\/de\/about-me\/","og_locale":"de_DE","og_type":"article","og_title":"\u00dcber mich - Finnish Translations","og_description":"[vc_row css_animation=&#8221;&#8221; row_type=&#8221;row&#8221; use_row_as_full_screen_section=&#8221;no&#8221; type=&#8221;full_width&#8221; angled_section=&#8221;no&#8221; text_align=&#8221;left&#8221; background_image_as_pattern=&#8221;without_pattern&#8221; css=&#8221;.vc_custom_1439898494933{padding-top: 60px !important;padding-right: 15% !important;padding-bottom: 60px !important;padding-left: 10% !important;}&#8221;][vc_column width=&#8221;1\/2&#8243;][vc_single_image image=&#8221;15679&#8243; img_size=&#8221;full&#8221; alignment=&#8221;center&#8221; qode_css_animation=&#8221;element_from_bottom&#8221; transition_delay=&#8221;1&#8243;][\/vc_column][vc_column width=&#8221;1\/2&#8243;][vc_empty_space][vc_column_text]Ich bin eine freiberufliche \u00dcbersetzungs- und Sprachdienstleisterin mit \u00fcber 13 Jahren Erfahrung in der Sprachindustrie. Meine Muttersprache ist Finnisch und meine Arbeitssprachen...","og_url":"https:\/\/finnishtranslations.com\/de\/about-me\/","og_site_name":"Finnish Translations","article_modified_time":"2017-12-17T12:25:58+00:00","twitter_card":"summary_large_image","twitter_misc":{"Est. reading time":"1 minute"},"schema":{"@context":"https:\/\/schema.org","@graph":[{"@type":"WebPage","@id":"https:\/\/finnishtranslations.com\/de\/about-me\/","url":"https:\/\/finnishtranslations.com\/de\/about-me\/","name":"\u00dcber mich - Finnish Translations","isPartOf":{"@id":"https:\/\/finnishtranslations.com\/#website"},"datePublished":"2016-05-17T06:22:23+00:00","dateModified":"2017-12-17T12:25:58+00:00","breadcrumb":{"@id":"https:\/\/finnishtranslations.com\/de\/about-me\/#breadcrumb"},"inLanguage":"de-DE","potentialAction":[{"@type":"ReadAction","target":["https:\/\/finnishtranslations.com\/de\/about-me\/"]}]},{"@type":"BreadcrumbList","@id":"https:\/\/finnishtranslations.com\/de\/about-me\/#breadcrumb","itemListElement":[{"@type":"ListItem","position":1,"name":"Etusivu","item":"https:\/\/finnishtranslations.com\/de\/"},{"@type":"ListItem","position":2,"name":"\u00dcber mich"}]},{"@type":"WebSite","@id":"https:\/\/finnishtranslations.com\/#website","url":"https:\/\/finnishtranslations.com\/","name":"Finnish Translations","description":"PROFESSIONAL TRANSLATION AND LANGUAGE SERVICES","potentialAction":[{"@type":"SearchAction","target":{"@type":"EntryPoint","urlTemplate":"https:\/\/finnishtranslations.com\/?s={search_term_string}"},"query-input":{"@type":"PropertyValueSpecification","valueRequired":true,"valueName":"search_term_string"}}],"inLanguage":"de-DE"}]}},"_links":{"self":[{"href":"https:\/\/finnishtranslations.com\/de\/wp-json\/wp\/v2\/pages\/16015","targetHints":{"allow":["GET"]}}],"collection":[{"href":"https:\/\/finnishtranslations.com\/de\/wp-json\/wp\/v2\/pages"}],"about":[{"href":"https:\/\/finnishtranslations.com\/de\/wp-json\/wp\/v2\/types\/page"}],"author":[{"embeddable":true,"href":"https:\/\/finnishtranslations.com\/de\/wp-json\/wp\/v2\/users\/2"}],"replies":[{"embeddable":true,"href":"https:\/\/finnishtranslations.com\/de\/wp-json\/wp\/v2\/comments?post=16015"}],"version-history":[{"count":5,"href":"https:\/\/finnishtranslations.com\/de\/wp-json\/wp\/v2\/pages\/16015\/revisions"}],"predecessor-version":[{"id":16174,"href":"https:\/\/finnishtranslations.com\/de\/wp-json\/wp\/v2\/pages\/16015\/revisions\/16174"}],"wp:attachment":[{"href":"https:\/\/finnishtranslations.com\/de\/wp-json\/wp\/v2\/media?parent=16015"}],"curies":[{"name":"wp","href":"https:\/\/api.w.org\/{rel}","templated":true}]}}